{"id":1252,"date":"2024-10-14T15:28:47","date_gmt":"2024-10-14T13:28:47","guid":{"rendered":"https:\/\/bdriv.fr\/?page_id=1252"},"modified":"2025-01-19T21:09:18","modified_gmt":"2025-01-19T20:09:18","slug":"contact","status":"publish","type":"page","link":"https:\/\/bdriv.fr\/en\/contact\/","title":{"rendered":"contact"},"content":{"rendered":"\t\t<div data-elementor-type=\"wp-page\" data-elementor-id=\"1252\" class=\"elementor elementor-1252\" data-elementor-post-type=\"page\">\n\t\t\t\t<div class=\"elementor-element elementor-element-6d277e4 e-con-full e-flex e-con e-parent\" data-id=\"6d277e4\" data-element_type=\"container\" data-e-type=\"container\" data-settings=\"{&quot;background_background&quot;:&quot;classic&quot;}\">\n\t\t\t\t<div class=\"elementor-element elementor-element-18888dd elementor-widget elementor-widget-heading\" data-id=\"18888dd\" data-element_type=\"widget\" data-e-type=\"widget\" data-widget_type=\"heading.default\">\n\t\t\t\t<div class=\"elementor-widget-container\">\n\t\t\t\t\t<h2 class=\"elementor-heading-title elementor-size-default\">Contactez-nous<\/h2>\t\t\t\t<\/div>\n\t\t\t\t<\/div>\n\t\t\t\t<div class=\"elementor-element elementor-element-e7a5760 elementor-widget elementor-widget-text-editor\" data-id=\"e7a5760\" data-element_type=\"widget\" data-e-type=\"widget\" data-widget_type=\"text-editor.default\">\n\t\t\t\t<div class=\"elementor-widget-container\">\n\t\t\t\t\t\t\t\t\t<p>Des questions ou besoin de plus d&rsquo;informations ? N&rsquo;h\u00e9sitez pas \u00e0 nous contacter. Nous sommes toujours ravis de vous aider !<\/p>\t\t\t\t\t\t\t\t<\/div>\n\t\t\t\t<\/div>\n\t\t\t\t<\/div>\n\t\t\t\t<section class=\"elementor-section elementor-top-section elementor-element elementor-element-f617fc6 elementor-section-full_width elementor-section-height-default elementor-section-height-default\" data-id=\"f617fc6\" data-element_type=\"section\" data-e-type=\"section\">\n\t\t\t\t\t\t<div class=\"elementor-container elementor-column-gap-default\">\n\t\t\t\t\t<div class=\"elementor-column elementor-col-100 elementor-top-column elementor-element elementor-element-9e6dc3c\" data-id=\"9e6dc3c\" data-element_type=\"column\" data-e-type=\"column\">\n\t\t\t<div class=\"elementor-widget-wrap elementor-element-populated\">\n\t\t\t\t\t\t<div class=\"elementor-element elementor-element-191a917 elementor-widget elementor-widget-heading\" data-id=\"191a917\" data-element_type=\"widget\" data-e-type=\"widget\" data-widget_type=\"heading.default\">\n\t\t\t\t<div class=\"elementor-widget-container\">\n\t\t\t\t\t<h2 class=\"elementor-heading-title elementor-size-default\">Horaires d'ouverture<\/h2>\t\t\t\t<\/div>\n\t\t\t\t<\/div>\n\t\t\t\t<div class=\"elementor-element elementor-element-c940489 elementor-widget elementor-widget-text-editor\" data-id=\"c940489\" data-element_type=\"widget\" data-e-type=\"widget\" data-widget_type=\"text-editor.default\">\n\t\t\t\t<div class=\"elementor-widget-container\">\n\t\t\t\t\t\t\t\t\t<p>Nous sommes disponibles de 9h00 \u00e0 17h00, du lundi au vendredi. Contactez-nous pendant ces horaires pour\u00a0 les demandes d&rsquo;information.<\/p><p style=\"margin-bottom: 15px;\">1 rue pau casals Boulogne-Billancourt\u00a0 92100 France<\/p><p style=\"margin: 0;\">T\u00e9l\u00e9phone: +33 07 48 65 03 71<\/p><p style=\"margin: 0;\">Email: <a href=\"#\">contact@bdriv.fr<\/a><\/p>\t\t\t\t\t\t\t\t<\/div>\n\t\t\t\t<\/div>\n\t\t\t\t\t<\/div>\n\t\t<\/div>\n\t\t\t\t\t<\/div>\n\t\t<\/section>\n\t\t<div class=\"elementor-element elementor-element-319a6a4 e-flex e-con-boxed e-con e-parent\" data-id=\"319a6a4\" data-element_type=\"container\" data-e-type=\"container\">\n\t\t\t\t\t<div class=\"e-con-inner\">\n\t\t\t\t<div class=\"elementor-element elementor-element-62cf313 elementor-button-align-stretch elementor-widget elementor-widget-form\" data-id=\"62cf313\" data-element_type=\"widget\" data-e-type=\"widget\" data-settings=\"{&quot;step_next_label&quot;:&quot;Suivant&quot;,&quot;step_previous_label&quot;:&quot;Pr\\u00e9c\\u00e9dent&quot;,&quot;button_width&quot;:&quot;100&quot;,&quot;step_type&quot;:&quot;number_text&quot;,&quot;step_icon_shape&quot;:&quot;circle&quot;}\" data-widget_type=\"form.default\">\n\t\t\t\t<div class=\"elementor-widget-container\">\n\t\t\t\t\t\t\t<form class=\"elementor-form\" method=\"post\" name=\"Nouveau formulaire\" aria-label=\"Nouveau formulaire\">\n\t\t\t<input type=\"hidden\" name=\"post_id\" value=\"1252\"\/>\n\t\t\t<input type=\"hidden\" name=\"form_id\" value=\"62cf313\"\/>\n\t\t\t<input type=\"hidden\" name=\"referer_title\" value=\"chauffeur priv\u00e9 paris\" \/>\n\n\t\t\t\n\t\t\t<div class=\"elementor-form-fields-wrapper elementor-labels-above\">\n\t\t\t\t\t\t\t\t<div class=\"elementor-field-type-text elementor-field-group elementor-column elementor-field-group-name elementor-col-100\">\n\t\t\t\t\t\t\t\t\t\t\t\t<label for=\"form-field-name\" class=\"elementor-field-label\">\n\t\t\t\t\t\t\t\tNom\t\t\t\t\t\t\t<\/label>\n\t\t\t\t\t\t\t\t\t\t\t\t\t\t<input size=\"1\" type=\"text\" name=\"form_fields[name]\" id=\"form-field-name\" class=\"elementor-field elementor-size-sm  elementor-field-textual\" placeholder=\"Nom\">\n\t\t\t\t\t\t\t\t\t\t\t<\/div>\n\t\t\t\t\t\t\t\t<div class=\"elementor-field-type-email elementor-field-group elementor-column elementor-field-group-email elementor-col-100 elementor-field-required\">\n\t\t\t\t\t\t\t\t\t\t\t\t<label for=\"form-field-email\" class=\"elementor-field-label\">\n\t\t\t\t\t\t\t\tE-mail\t\t\t\t\t\t\t<\/label>\n\t\t\t\t\t\t\t\t\t\t\t\t\t\t<input size=\"1\" type=\"email\" name=\"form_fields[email]\" id=\"form-field-email\" class=\"elementor-field elementor-size-sm  elementor-field-textual\" placeholder=\"E-mail\" required=\"required\">\n\t\t\t\t\t\t\t\t\t\t\t<\/div>\n\t\t\t\t\t\t\t\t<div class=\"elementor-field-type-textarea elementor-field-group elementor-column elementor-field-group-message elementor-col-100\">\n\t\t\t\t\t\t\t\t\t\t\t\t<label for=\"form-field-message\" class=\"elementor-field-label\">\n\t\t\t\t\t\t\t\tMessage\t\t\t\t\t\t\t<\/label>\n\t\t\t\t\t\t<textarea class=\"elementor-field-textual elementor-field  elementor-size-sm\" name=\"form_fields[message]\" id=\"form-field-message\" rows=\"4\" placeholder=\"Message\"><\/textarea>\t\t\t\t<\/div>\n\t\t\t\t\t\t\t\t<div class=\"elementor-field-type-recaptcha elementor-field-group elementor-column elementor-field-group-field_ff49aa5 elementor-col-100\">\n\t\t\t\t\t<div class=\"elementor-field\" id=\"form-field-field_ff49aa5\"><div class=\"elementor-g-recaptcha\" data-sitekey=\"6LeWpa0qAAAAAJ6RPPvXBJfBEV7FD1YYKw4LKTht\" data-type=\"v2_checkbox\" data-theme=\"light\" data-size=\"normal\"><\/div><\/div>\t\t\t\t<\/div>\n\t\t\t\t\t\t\t\t<div class=\"elementor-field-group elementor-column elementor-field-type-submit elementor-col-100 e-form__buttons\">\n\t\t\t\t\t<button class=\"elementor-button elementor-size-sm\" type=\"submit\">\n\t\t\t\t\t\t<span class=\"elementor-button-content-wrapper\">\n\t\t\t\t\t\t\t\t\t\t\t\t\t\t\t\t\t\t\t\t\t\t<span class=\"elementor-button-text\">Envoyez<\/span>\n\t\t\t\t\t\t\t\t\t\t\t\t\t<\/span>\n\t\t\t\t\t<\/button>\n\t\t\t\t<\/div>\n\t\t\t<\/div>\n\t\t<\/form>\n\t\t\t\t\t\t<\/div>\n\t\t\t\t<\/div>\n\t\t\t\t\t<\/div>\n\t\t\t\t<\/div>\n\t\t\t\t<\/div>\n\t\t","protected":false},"excerpt":{"rendered":"<p>Contactez-nous Des questions ou besoin de plus d&rsquo;informations ? N&rsquo;h\u00e9sitez pas \u00e0 nous contacter. Nous sommes toujours ravis de vous aider ! Horaires d&rsquo;ouverture Nous sommes disponibles de 9h00 \u00e0 17h00, du lundi au vendredi. Contactez-nous pendant ces horaires pour\u00a0 les demandes d&rsquo;information. 1 rue pau casals Boulogne-Billancourt\u00a0 92100 France T\u00e9l\u00e9phone: +33 07 48 65 [&hellip;]<\/p>\n","protected":false},"author":1,"featured_media":0,"parent":0,"menu_order":0,"comment_status":"closed","ping_status":"closed","template":"","meta":{"_eb_attr":"","ocean_post_layout":"","ocean_both_sidebars_style":"","ocean_both_sidebars_content_width":0,"ocean_both_sidebars_sidebars_width":0,"ocean_sidebar":"","ocean_second_sidebar":"","ocean_disable_margins":"enable","ocean_add_body_class":"","ocean_shortcode_before_top_bar":"","ocean_shortcode_after_top_bar":"","ocean_shortcode_before_header":"","ocean_shortcode_after_header":"","ocean_has_shortcode":"","ocean_shortcode_after_title":"","ocean_shortcode_before_footer_widgets":"","ocean_shortcode_after_footer_widgets":"","ocean_shortcode_before_footer_bottom":"","ocean_shortcode_after_footer_bottom":"","ocean_display_top_bar":"default","ocean_display_header":"default","ocean_header_style":"","ocean_center_header_left_menu":"","ocean_custom_header_template":"","ocean_custom_logo":0,"ocean_custom_retina_logo":0,"ocean_custom_logo_max_width":0,"ocean_custom_logo_tablet_max_width":0,"ocean_custom_logo_mobile_max_width":0,"ocean_custom_logo_max_height":0,"ocean_custom_logo_tablet_max_height":0,"ocean_custom_logo_mobile_max_height":0,"ocean_header_custom_menu":"","ocean_menu_typo_font_family":"","ocean_menu_typo_font_subset":"","ocean_menu_typo_font_size":0,"ocean_menu_typo_font_size_tablet":0,"ocean_menu_typo_font_size_mobile":0,"ocean_menu_typo_font_size_unit":"px","ocean_menu_typo_font_weight":"","ocean_menu_typo_font_weight_tablet":"","ocean_menu_typo_font_weight_mobile":"","ocean_menu_typo_transform":"","ocean_menu_typo_transform_tablet":"","ocean_menu_typo_transform_mobile":"","ocean_menu_typo_line_height":0,"ocean_menu_typo_line_height_tablet":0,"ocean_menu_typo_line_height_mobile":0,"ocean_menu_typo_line_height_unit":"","ocean_menu_typo_spacing":0,"ocean_menu_typo_spacing_tablet":0,"ocean_menu_typo_spacing_mobile":0,"ocean_menu_typo_spacing_unit":"","ocean_menu_link_color":"","ocean_menu_link_color_hover":"","ocean_menu_link_color_active":"","ocean_menu_link_background":"","ocean_menu_link_hover_background":"","ocean_menu_link_active_background":"","ocean_menu_social_links_bg":"","ocean_menu_social_hover_links_bg":"","ocean_menu_social_links_color":"","ocean_menu_social_hover_links_color":"","ocean_disable_title":"default","ocean_disable_heading":"default","ocean_post_title":"","ocean_post_subheading":"","ocean_post_title_style":"","ocean_post_title_background_color":"","ocean_post_title_background":0,"ocean_post_title_bg_image_position":"","ocean_post_title_bg_image_attachment":"","ocean_post_title_bg_image_repeat":"","ocean_post_title_bg_image_size":"","ocean_post_title_height":0,"ocean_post_title_bg_overlay":0.5,"ocean_post_title_bg_overlay_color":"","ocean_disable_breadcrumbs":"default","ocean_breadcrumbs_color":"","ocean_breadcrumbs_separator_color":"","ocean_breadcrumbs_links_color":"","ocean_breadcrumbs_links_hover_color":"","ocean_display_footer_widgets":"default","ocean_display_footer_bottom":"default","ocean_custom_footer_template":"","footnotes":""},"class_list":["post-1252","page","type-page","status-publish","hentry","entry"],"yoast_head":"<!-- This site is optimized with the Yoast SEO plugin v27.5 - https:\/\/yoast.com\/product\/yoast-seo-wordpress\/ -->\n<title>contact - chauffeur priv\u00e9 paris<\/title>\n<meta name=\"robots\" content=\"noindex, follow\" \/>\n<meta property=\"og:locale\" content=\"en_US\" \/>\n<meta property=\"og:type\" content=\"article\" \/>\n<meta property=\"og:title\" content=\"contact - chauffeur priv\u00e9 paris\" \/>\n<meta property=\"og:description\" content=\"Contactez-nous Des questions ou besoin de plus d&rsquo;informations ? N&rsquo;h\u00e9sitez pas \u00e0 nous contacter. Nous sommes toujours ravis de vous aider ! Horaires d&rsquo;ouverture Nous sommes disponibles de 9h00 \u00e0 17h00, du lundi au vendredi. Contactez-nous pendant ces horaires pour\u00a0 les demandes d&rsquo;information. 1 rue pau casals Boulogne-Billancourt\u00a0 92100 France T\u00e9l\u00e9phone: +33 07 48 65 [&hellip;]\" \/>\n<meta property=\"og:url\" content=\"https:\/\/bdriv.fr\/en\/contact\/\" \/>\n<meta property=\"og:site_name\" content=\"chauffeur priv\u00e9 paris\" \/>\n<meta property=\"article:modified_time\" content=\"2025-01-19T20:09:18+00:00\" \/>\n<meta name=\"twitter:card\" content=\"summary_large_image\" \/>\n<meta name=\"twitter:label1\" content=\"Est. reading time\" \/>\n\t<meta name=\"twitter:data1\" content=\"1 minute\" \/>\n<script type=\"application\/ld+json\" class=\"yoast-schema-graph\">{\"@context\":\"https:\\\/\\\/schema.org\",\"@graph\":[{\"@type\":\"WebPage\",\"@id\":\"https:\\\/\\\/bdriv.fr\\\/contact\\\/\",\"url\":\"https:\\\/\\\/bdriv.fr\\\/contact\\\/\",\"name\":\"contact - chauffeur priv\u00e9 paris\",\"isPartOf\":{\"@id\":\"https:\\\/\\\/bdriv.fr\\\/#website\"},\"datePublished\":\"2024-10-14T13:28:47+00:00\",\"dateModified\":\"2025-01-19T20:09:18+00:00\",\"breadcrumb\":{\"@id\":\"https:\\\/\\\/bdriv.fr\\\/contact\\\/#breadcrumb\"},\"inLanguage\":\"en-US\",\"potentialAction\":[{\"@type\":\"ReadAction\",\"target\":[\"https:\\\/\\\/bdriv.fr\\\/contact\\\/\"]}]},{\"@type\":\"BreadcrumbList\",\"@id\":\"https:\\\/\\\/bdriv.fr\\\/contact\\\/#breadcrumb\",\"itemListElement\":[{\"@type\":\"ListItem\",\"position\":1,\"name\":\"Accueil\",\"item\":\"https:\\\/\\\/bdriv.fr\\\/\"},{\"@type\":\"ListItem\",\"position\":2,\"name\":\"contact\"}]},{\"@type\":\"WebSite\",\"@id\":\"https:\\\/\\\/bdriv.fr\\\/#website\",\"url\":\"https:\\\/\\\/bdriv.fr\\\/\",\"name\":\"paris transfers\",\"description\":\"Paris Transfers\",\"publisher\":{\"@id\":\"https:\\\/\\\/bdriv.fr\\\/#organization\"},\"potentialAction\":[{\"@type\":\"SearchAction\",\"target\":{\"@type\":\"EntryPoint\",\"urlTemplate\":\"https:\\\/\\\/bdriv.fr\\\/?s={search_term_string}\"},\"query-input\":{\"@type\":\"PropertyValueSpecification\",\"valueRequired\":true,\"valueName\":\"search_term_string\"}}],\"inLanguage\":\"en-US\"},{\"@type\":\"Organization\",\"@id\":\"https:\\\/\\\/bdriv.fr\\\/#organization\",\"name\":\"paris transfers\",\"url\":\"https:\\\/\\\/bdriv.fr\\\/\",\"logo\":{\"@type\":\"ImageObject\",\"inLanguage\":\"en-US\",\"@id\":\"https:\\\/\\\/bdriv.fr\\\/#\\\/schema\\\/logo\\\/image\\\/\",\"url\":\"https:\\\/\\\/bdriv.fr\\\/wp-content\\\/uploads\\\/2024\\\/10\\\/cropped-Logo-chauffeur-prive-NV-e1728679535608.png\",\"contentUrl\":\"https:\\\/\\\/bdriv.fr\\\/wp-content\\\/uploads\\\/2024\\\/10\\\/cropped-Logo-chauffeur-prive-NV-e1728679535608.png\",\"width\":44,\"height\":42,\"caption\":\"paris transfers\"},\"image\":{\"@id\":\"https:\\\/\\\/bdriv.fr\\\/#\\\/schema\\\/logo\\\/image\\\/\"}}]}<\/script>\n<!-- \/ Yoast SEO plugin. -->","yoast_head_json":{"title":"contact - chauffeur priv\u00e9 paris","robots":{"index":"noindex","follow":"follow"},"og_locale":"en_US","og_type":"article","og_title":"contact - chauffeur priv\u00e9 paris","og_description":"Contactez-nous Des questions ou besoin de plus d&rsquo;informations ? N&rsquo;h\u00e9sitez pas \u00e0 nous contacter. Nous sommes toujours ravis de vous aider ! Horaires d&rsquo;ouverture Nous sommes disponibles de 9h00 \u00e0 17h00, du lundi au vendredi. Contactez-nous pendant ces horaires pour\u00a0 les demandes d&rsquo;information. 1 rue pau casals Boulogne-Billancourt\u00a0 92100 France T\u00e9l\u00e9phone: +33 07 48 65 [&hellip;]","og_url":"https:\/\/bdriv.fr\/en\/contact\/","og_site_name":"chauffeur priv\u00e9 paris","article_modified_time":"2025-01-19T20:09:18+00:00","twitter_card":"summary_large_image","twitter_misc":{"Est. reading time":"1 minute"},"schema":{"@context":"https:\/\/schema.org","@graph":[{"@type":"WebPage","@id":"https:\/\/bdriv.fr\/contact\/","url":"https:\/\/bdriv.fr\/contact\/","name":"contact - chauffeur priv\u00e9 paris","isPartOf":{"@id":"https:\/\/bdriv.fr\/#website"},"datePublished":"2024-10-14T13:28:47+00:00","dateModified":"2025-01-19T20:09:18+00:00","breadcrumb":{"@id":"https:\/\/bdriv.fr\/contact\/#breadcrumb"},"inLanguage":"en-US","potentialAction":[{"@type":"ReadAction","target":["https:\/\/bdriv.fr\/contact\/"]}]},{"@type":"BreadcrumbList","@id":"https:\/\/bdriv.fr\/contact\/#breadcrumb","itemListElement":[{"@type":"ListItem","position":1,"name":"Accueil","item":"https:\/\/bdriv.fr\/"},{"@type":"ListItem","position":2,"name":"contact"}]},{"@type":"WebSite","@id":"https:\/\/bdriv.fr\/#website","url":"https:\/\/bdriv.fr\/","name":"paris transfers","description":"Paris Transfers","publisher":{"@id":"https:\/\/bdriv.fr\/#organization"},"potentialAction":[{"@type":"SearchAction","target":{"@type":"EntryPoint","urlTemplate":"https:\/\/bdriv.fr\/?s={search_term_string}"},"query-input":{"@type":"PropertyValueSpecification","valueRequired":true,"valueName":"search_term_string"}}],"inLanguage":"en-US"},{"@type":"Organization","@id":"https:\/\/bdriv.fr\/#organization","name":"paris transfers","url":"https:\/\/bdriv.fr\/","logo":{"@type":"ImageObject","inLanguage":"en-US","@id":"https:\/\/bdriv.fr\/#\/schema\/logo\/image\/","url":"https:\/\/bdriv.fr\/wp-content\/uploads\/2024\/10\/cropped-Logo-chauffeur-prive-NV-e1728679535608.png","contentUrl":"https:\/\/bdriv.fr\/wp-content\/uploads\/2024\/10\/cropped-Logo-chauffeur-prive-NV-e1728679535608.png","width":44,"height":42,"caption":"paris transfers"},"image":{"@id":"https:\/\/bdriv.fr\/#\/schema\/logo\/image\/"}}]}},"_links":{"self":[{"href":"https:\/\/bdriv.fr\/en\/wp-json\/wp\/v2\/pages\/1252","targetHints":{"allow":["GET"]}}],"collection":[{"href":"https:\/\/bdriv.fr\/en\/wp-json\/wp\/v2\/pages"}],"about":[{"href":"https:\/\/bdriv.fr\/en\/wp-json\/wp\/v2\/types\/page"}],"author":[{"embeddable":true,"href":"https:\/\/bdriv.fr\/en\/wp-json\/wp\/v2\/users\/1"}],"replies":[{"embeddable":true,"href":"https:\/\/bdriv.fr\/en\/wp-json\/wp\/v2\/comments?post=1252"}],"version-history":[{"count":53,"href":"https:\/\/bdriv.fr\/en\/wp-json\/wp\/v2\/pages\/1252\/revisions"}],"predecessor-version":[{"id":2373,"href":"https:\/\/bdriv.fr\/en\/wp-json\/wp\/v2\/pages\/1252\/revisions\/2373"}],"wp:attachment":[{"href":"https:\/\/bdriv.fr\/en\/wp-json\/wp\/v2\/media?parent=1252"}],"curies":[{"name":"wp","href":"https:\/\/api.w.org\/{rel}","templated":true}]}}