{"id":1547,"date":"2024-10-21T22:39:38","date_gmt":"2024-10-21T20:39:38","guid":{"rendered":"https:\/\/bdriv.fr\/?page_id=1547"},"modified":"2024-12-02T14:57:47","modified_gmt":"2024-12-02T13:57:47","slug":"aeroports","status":"publish","type":"page","link":"https:\/\/bdriv.fr\/en\/aeroports\/","title":{"rendered":"Airports"},"content":{"rendered":"<div data-elementor-type=\"wp-page\" data-elementor-id=\"1547\" class=\"elementor elementor-1547\" data-elementor-post-type=\"page\">\n\t\t\t\t\t\t<section class=\"elementor-section elementor-top-section elementor-element elementor-element-ac95de6 elementor-section-height-min-height elementor-section-content-middle elementor-section-full_width elementor-section-height-default elementor-section-items-middle\" data-id=\"ac95de6\" data-element_type=\"section\" data-e-type=\"section\" data-settings=\"{&quot;background_background&quot;:&quot;classic&quot;}\">\n\t\t\t\t\t\t\t<div class=\"elementor-background-overlay\"><\/div>\n\t\t\t\t\t\t\t<div class=\"elementor-container elementor-column-gap-custom\">\n\t\t\t\t\t<div class=\"elementor-column elementor-col-100 elementor-top-column elementor-element elementor-element-f67945d\" data-id=\"f67945d\" data-element_type=\"column\" data-e-type=\"column\">\n\t\t\t<div class=\"elementor-widget-wrap elementor-element-populated\">\n\t\t\t\t\t\t<div class=\"elementor-element elementor-element-aa2785e hero-title elementor-widget elementor-widget-heading\" data-id=\"aa2785e\" data-element_type=\"widget\" data-e-type=\"widget\" data-widget_type=\"heading.default\">\n\t\t\t\t<div class=\"elementor-widget-container\">\n\t\t\t\t\t<h1 class=\"elementor-heading-title elementor-size-default\">Airports <\/h1>\t\t\t\t<\/div>\n\t\t\t\t<\/div>\n\t\t\t\t<section class=\"elementor-section elementor-inner-section elementor-element elementor-element-c18fdcf elementor-section-boxed elementor-section-height-default elementor-section-height-default\" data-id=\"c18fdcf\" data-element_type=\"section\" data-e-type=\"section\">\n\t\t\t\t\t\t<div class=\"elementor-container elementor-column-gap-default\">\n\t\t\t\t\t<div class=\"elementor-column elementor-col-50 elementor-inner-column elementor-element elementor-element-3e6721d\" data-id=\"3e6721d\" data-element_type=\"column\" data-e-type=\"column\">\n\t\t\t<div class=\"elementor-widget-wrap elementor-element-populated\">\n\t\t\t\t\t\t<div class=\"elementor-element elementor-element-0c07c3e elementor-align-right hero-btn elementor-widget elementor-widget-button\" data-id=\"0c07c3e\" data-element_type=\"widget\" data-e-type=\"widget\" data-widget_type=\"button.default\">\n\t\t\t\t<div class=\"elementor-widget-container\">\n\t\t\t\t\t\t\t\t\t<div class=\"elementor-button-wrapper\">\n\t\t\t\t\t<a class=\"elementor-button elementor-button-link elementor-size-sm\" href=\"https:\/\/bdriv.fr\/en\/contact\/\">\n\t\t\t\t\t\t<span class=\"elementor-button-content-wrapper\">\n\t\t\t\t\t\t\t\t\t<span class=\"elementor-button-text\">Contact<\/span>\n\t\t\t\t\t<\/span>\n\t\t\t\t\t<\/a>\n\t\t\t\t<\/div>\n\t\t\t\t\t\t\t\t<\/div>\n\t\t\t\t<\/div>\n\t\t\t\t\t<\/div>\n\t\t<\/div>\n\t\t\t\t<div class=\"elementor-column elementor-col-50 elementor-inner-column elementor-element elementor-element-de5e07d\" data-id=\"de5e07d\" data-element_type=\"column\" data-e-type=\"column\">\n\t\t\t<div class=\"elementor-widget-wrap elementor-element-populated\">\n\t\t\t\t\t\t<div class=\"elementor-element elementor-element-51a1590 elementor-align-left hero-btn elementor-widget elementor-widget-button\" data-id=\"51a1590\" data-element_type=\"widget\" data-e-type=\"widget\" data-widget_type=\"button.default\">\n\t\t\t\t<div class=\"elementor-widget-container\">\n\t\t\t\t\t\t\t\t\t<div class=\"elementor-button-wrapper\">\n\t\t\t\t\t<a class=\"elementor-button elementor-button-link elementor-size-sm\" href=\"https:\/\/bdriv.fr\/en\/\">\n\t\t\t\t\t\t<span class=\"elementor-button-content-wrapper\">\n\t\t\t\t\t\t\t\t\t<span class=\"elementor-button-text\">Book<\/span>\n\t\t\t\t\t<\/span>\n\t\t\t\t\t<\/a>\n\t\t\t\t<\/div>\n\t\t\t\t\t\t\t\t<\/div>\n\t\t\t\t<\/div>\n\t\t\t\t\t<\/div>\n\t\t<\/div>\n\t\t\t\t\t<\/div>\n\t\t<\/section>\n\t\t\t\t\t<\/div>\n\t\t<\/div>\n\t\t\t\t\t<\/div>\n\t\t<\/section>\n\t\t<div class=\"elementor-element elementor-element-d45b9be e-flex e-con-boxed e-con e-parent\" data-id=\"d45b9be\" data-element_type=\"container\" data-e-type=\"container\">\n\t\t\t\t\t<div class=\"e-con-inner\">\n\t\t\t\t<div class=\"elementor-element elementor-element-62abe18 elementor-widget elementor-widget-heading\" data-id=\"62abe18\" data-element_type=\"widget\" data-e-type=\"widget\" data-widget_type=\"heading.default\">\n\t\t\t\t<div class=\"elementor-widget-container\">\n\t\t\t\t\t<h2 class=\"elementor-heading-title elementor-size-default\"><a href=\"https:\/\/bdriv.fr\/en\/reservez-un-chauffeur-vtc-aeroport-roissy-cdg\/\">Roissy Airport ( CDG)<\/a><\/h2>\t\t\t\t<\/div>\n\t\t\t\t<\/div>\n\t\t\t\t<div class=\"elementor-element elementor-element-cf8f31d elementor-widget elementor-widget-heading\" data-id=\"cf8f31d\" data-element_type=\"widget\" data-e-type=\"widget\" data-widget_type=\"heading.default\">\n\t\t\t\t<div class=\"elementor-widget-container\">\n\t\t\t\t\t<h2 class=\"elementor-heading-title elementor-size-default\"><a href=\"https:\/\/bdriv.fr\/en\/reserver-un-chauffeur-vtc-a-laeroport-orly\/\">A\u00e9roport Orly <\/a><\/h2>\t\t\t\t<\/div>\n\t\t\t\t<\/div>\n\t\t\t\t<div class=\"elementor-element elementor-element-93d2a85 elementor-widget elementor-widget-heading\" data-id=\"93d2a85\" data-element_type=\"widget\" data-e-type=\"widget\" data-widget_type=\"heading.default\">\n\t\t\t\t<div class=\"elementor-widget-container\">\n\t\t\t\t\t<h2 class=\"elementor-heading-title elementor-size-default\"><a href=\"https:\/\/bdriv.fr\/en\/reserver-chauffeur-vtc-a-laeroport-beauvais-bva\/\">A\u00e9roport Beauvais (BVA)<\/a><\/h2>\t\t\t\t<\/div>\n\t\t\t\t<\/div>\n\t\t\t\t\t<\/div>\n\t\t\t\t<\/div>\n\t\t\t\t<\/div>","protected":false},"excerpt":{"rendered":"<p>Les A\u00e9roports Contact R\u00e9servez A\u00e9roport Roissy (CDG) A\u00e9roport Orly A\u00e9roport Beauvais (BVA)<\/p>","protected":false},"author":1,"featured_media":0,"parent":0,"menu_order":0,"comment_status":"closed","ping_status":"closed","template":"","meta":{"_eb_attr":"","ocean_post_layout":"","ocean_both_sidebars_style":"","ocean_both_sidebars_content_width":0,"ocean_both_sidebars_sidebars_width":0,"ocean_sidebar":"","ocean_second_sidebar":"","ocean_disable_margins":"enable","ocean_add_body_class":"","ocean_shortcode_before_top_bar":"","ocean_shortcode_after_top_bar":"","ocean_shortcode_before_header":"","ocean_shortcode_after_header":"","ocean_has_shortcode":"","ocean_shortcode_after_title":"","ocean_shortcode_before_footer_widgets":"","ocean_shortcode_after_footer_widgets":"","ocean_shortcode_before_footer_bottom":"","ocean_shortcode_after_footer_bottom":"","ocean_display_top_bar":"default","ocean_display_header":"default","ocean_header_style":"","ocean_center_header_left_menu":"","ocean_custom_header_template":"","ocean_custom_logo":0,"ocean_custom_retina_logo":0,"ocean_custom_logo_max_width":0,"ocean_custom_logo_tablet_max_width":0,"ocean_custom_logo_mobile_max_width":0,"ocean_custom_logo_max_height":0,"ocean_custom_logo_tablet_max_height":0,"ocean_custom_logo_mobile_max_height":0,"ocean_header_custom_menu":"","ocean_menu_typo_font_family":"","ocean_menu_typo_font_subset":"","ocean_menu_typo_font_size":0,"ocean_menu_typo_font_size_tablet":0,"ocean_menu_typo_font_size_mobile":0,"ocean_menu_typo_font_size_unit":"px","ocean_menu_typo_font_weight":"","ocean_menu_typo_font_weight_tablet":"","ocean_menu_typo_font_weight_mobile":"","ocean_menu_typo_transform":"","ocean_menu_typo_transform_tablet":"","ocean_menu_typo_transform_mobile":"","ocean_menu_typo_line_height":0,"ocean_menu_typo_line_height_tablet":0,"ocean_menu_typo_line_height_mobile":0,"ocean_menu_typo_line_height_unit":"","ocean_menu_typo_spacing":0,"ocean_menu_typo_spacing_tablet":0,"ocean_menu_typo_spacing_mobile":0,"ocean_menu_typo_spacing_unit":"","ocean_menu_link_color":"","ocean_menu_link_color_hover":"","ocean_menu_link_color_active":"","ocean_menu_link_background":"","ocean_menu_link_hover_background":"","ocean_menu_link_active_background":"","ocean_menu_social_links_bg":"","ocean_menu_social_hover_links_bg":"","ocean_menu_social_links_color":"","ocean_menu_social_hover_links_color":"","ocean_disable_title":"default","ocean_disable_heading":"default","ocean_post_title":"","ocean_post_subheading":"","ocean_post_title_style":"","ocean_post_title_background_color":"","ocean_post_title_background":0,"ocean_post_title_bg_image_position":"","ocean_post_title_bg_image_attachment":"","ocean_post_title_bg_image_repeat":"","ocean_post_title_bg_image_size":"","ocean_post_title_height":0,"ocean_post_title_bg_overlay":0.5,"ocean_post_title_bg_overlay_color":"","ocean_disable_breadcrumbs":"default","ocean_breadcrumbs_color":"","ocean_breadcrumbs_separator_color":"","ocean_breadcrumbs_links_color":"","ocean_breadcrumbs_links_hover_color":"","ocean_display_footer_widgets":"default","ocean_display_footer_bottom":"default","ocean_custom_footer_template":"","footnotes":""},"class_list":["post-1547","page","type-page","status-publish","hentry","entry"],"yoast_head":"<!-- This site is optimized with the Yoast SEO plugin v27.5 - https:\/\/yoast.com\/product\/yoast-seo-wordpress\/ -->\n<title>A\u00e9roports - chauffeur priv\u00e9 paris<\/title>\n<meta name=\"robots\" content=\"index, follow, max-snippet:-1, max-image-preview:large, max-video-preview:-1\" \/>\n<link rel=\"canonical\" href=\"https:\/\/bdriv.fr\/en\/aeroports\/\" \/>\n<meta property=\"og:locale\" content=\"en_US\" \/>\n<meta property=\"og:type\" content=\"article\" \/>\n<meta property=\"og:title\" content=\"A\u00e9roports - chauffeur priv\u00e9 paris\" \/>\n<meta property=\"og:description\" content=\"Les A\u00e9roports Contact R\u00e9servez A\u00e9roport Roissy (CDG) A\u00e9roport Orly A\u00e9roport Beauvais (BVA)\" \/>\n<meta property=\"og:url\" content=\"https:\/\/bdriv.fr\/en\/aeroports\/\" \/>\n<meta property=\"og:site_name\" content=\"chauffeur priv\u00e9 paris\" \/>\n<meta property=\"article:modified_time\" content=\"2024-12-02T13:57:47+00:00\" \/>\n<meta name=\"twitter:card\" content=\"summary_large_image\" \/>\n<meta name=\"twitter:label1\" content=\"Est. reading time\" \/>\n\t<meta name=\"twitter:data1\" content=\"1 minute\" \/>\n<script type=\"application\/ld+json\" class=\"yoast-schema-graph\">{\"@context\":\"https:\\\/\\\/schema.org\",\"@graph\":[{\"@type\":\"WebPage\",\"@id\":\"https:\\\/\\\/bdriv.fr\\\/aeroports\\\/\",\"url\":\"https:\\\/\\\/bdriv.fr\\\/aeroports\\\/\",\"name\":\"A\u00e9roports - chauffeur priv\u00e9 paris\",\"isPartOf\":{\"@id\":\"https:\\\/\\\/bdriv.fr\\\/#website\"},\"datePublished\":\"2024-10-21T20:39:38+00:00\",\"dateModified\":\"2024-12-02T13:57:47+00:00\",\"breadcrumb\":{\"@id\":\"https:\\\/\\\/bdriv.fr\\\/aeroports\\\/#breadcrumb\"},\"inLanguage\":\"en-US\",\"potentialAction\":[{\"@type\":\"ReadAction\",\"target\":[\"https:\\\/\\\/bdriv.fr\\\/aeroports\\\/\"]}]},{\"@type\":\"BreadcrumbList\",\"@id\":\"https:\\\/\\\/bdriv.fr\\\/aeroports\\\/#breadcrumb\",\"itemListElement\":[{\"@type\":\"ListItem\",\"position\":1,\"name\":\"Accueil\",\"item\":\"https:\\\/\\\/bdriv.fr\\\/\"},{\"@type\":\"ListItem\",\"position\":2,\"name\":\"A\u00e9roports\"}]},{\"@type\":\"WebSite\",\"@id\":\"https:\\\/\\\/bdriv.fr\\\/#website\",\"url\":\"https:\\\/\\\/bdriv.fr\\\/\",\"name\":\"paris transfers\",\"description\":\"Paris Transfers\",\"publisher\":{\"@id\":\"https:\\\/\\\/bdriv.fr\\\/#organization\"},\"potentialAction\":[{\"@type\":\"SearchAction\",\"target\":{\"@type\":\"EntryPoint\",\"urlTemplate\":\"https:\\\/\\\/bdriv.fr\\\/?s={search_term_string}\"},\"query-input\":{\"@type\":\"PropertyValueSpecification\",\"valueRequired\":true,\"valueName\":\"search_term_string\"}}],\"inLanguage\":\"en-US\"},{\"@type\":\"Organization\",\"@id\":\"https:\\\/\\\/bdriv.fr\\\/#organization\",\"name\":\"paris transfers\",\"url\":\"https:\\\/\\\/bdriv.fr\\\/\",\"logo\":{\"@type\":\"ImageObject\",\"inLanguage\":\"en-US\",\"@id\":\"https:\\\/\\\/bdriv.fr\\\/#\\\/schema\\\/logo\\\/image\\\/\",\"url\":\"https:\\\/\\\/bdriv.fr\\\/wp-content\\\/uploads\\\/2024\\\/10\\\/cropped-Logo-chauffeur-prive-NV-e1728679535608.png\",\"contentUrl\":\"https:\\\/\\\/bdriv.fr\\\/wp-content\\\/uploads\\\/2024\\\/10\\\/cropped-Logo-chauffeur-prive-NV-e1728679535608.png\",\"width\":44,\"height\":42,\"caption\":\"paris transfers\"},\"image\":{\"@id\":\"https:\\\/\\\/bdriv.fr\\\/#\\\/schema\\\/logo\\\/image\\\/\"}}]}<\/script>\n<!-- \/ Yoast SEO plugin. -->","yoast_head_json":{"title":"A\u00e9roports - chauffeur priv\u00e9 paris","robots":{"index":"index","follow":"follow","max-snippet":"max-snippet:-1","max-image-preview":"max-image-preview:large","max-video-preview":"max-video-preview:-1"},"canonical":"https:\/\/bdriv.fr\/en\/aeroports\/","og_locale":"en_US","og_type":"article","og_title":"A\u00e9roports - chauffeur priv\u00e9 paris","og_description":"Les A\u00e9roports Contact R\u00e9servez A\u00e9roport Roissy (CDG) A\u00e9roport Orly A\u00e9roport Beauvais (BVA)","og_url":"https:\/\/bdriv.fr\/en\/aeroports\/","og_site_name":"chauffeur priv\u00e9 paris","article_modified_time":"2024-12-02T13:57:47+00:00","twitter_card":"summary_large_image","twitter_misc":{"Est. reading time":"1 minute"},"schema":{"@context":"https:\/\/schema.org","@graph":[{"@type":"WebPage","@id":"https:\/\/bdriv.fr\/aeroports\/","url":"https:\/\/bdriv.fr\/aeroports\/","name":"A\u00e9roports - chauffeur priv\u00e9 paris","isPartOf":{"@id":"https:\/\/bdriv.fr\/#website"},"datePublished":"2024-10-21T20:39:38+00:00","dateModified":"2024-12-02T13:57:47+00:00","breadcrumb":{"@id":"https:\/\/bdriv.fr\/aeroports\/#breadcrumb"},"inLanguage":"en-US","potentialAction":[{"@type":"ReadAction","target":["https:\/\/bdriv.fr\/aeroports\/"]}]},{"@type":"BreadcrumbList","@id":"https:\/\/bdriv.fr\/aeroports\/#breadcrumb","itemListElement":[{"@type":"ListItem","position":1,"name":"Accueil","item":"https:\/\/bdriv.fr\/"},{"@type":"ListItem","position":2,"name":"A\u00e9roports"}]},{"@type":"WebSite","@id":"https:\/\/bdriv.fr\/#website","url":"https:\/\/bdriv.fr\/","name":"paris transfers","description":"Paris Transfers","publisher":{"@id":"https:\/\/bdriv.fr\/#organization"},"potentialAction":[{"@type":"SearchAction","target":{"@type":"EntryPoint","urlTemplate":"https:\/\/bdriv.fr\/?s={search_term_string}"},"query-input":{"@type":"PropertyValueSpecification","valueRequired":true,"valueName":"search_term_string"}}],"inLanguage":"en-US"},{"@type":"Organization","@id":"https:\/\/bdriv.fr\/#organization","name":"paris transfers","url":"https:\/\/bdriv.fr\/","logo":{"@type":"ImageObject","inLanguage":"en-US","@id":"https:\/\/bdriv.fr\/#\/schema\/logo\/image\/","url":"https:\/\/bdriv.fr\/wp-content\/uploads\/2024\/10\/cropped-Logo-chauffeur-prive-NV-e1728679535608.png","contentUrl":"https:\/\/bdriv.fr\/wp-content\/uploads\/2024\/10\/cropped-Logo-chauffeur-prive-NV-e1728679535608.png","width":44,"height":42,"caption":"paris transfers"},"image":{"@id":"https:\/\/bdriv.fr\/#\/schema\/logo\/image\/"}}]}},"_links":{"self":[{"href":"https:\/\/bdriv.fr\/en\/wp-json\/wp\/v2\/pages\/1547","targetHints":{"allow":["GET"]}}],"collection":[{"href":"https:\/\/bdriv.fr\/en\/wp-json\/wp\/v2\/pages"}],"about":[{"href":"https:\/\/bdriv.fr\/en\/wp-json\/wp\/v2\/types\/page"}],"author":[{"embeddable":true,"href":"https:\/\/bdriv.fr\/en\/wp-json\/wp\/v2\/users\/1"}],"replies":[{"embeddable":true,"href":"https:\/\/bdriv.fr\/en\/wp-json\/wp\/v2\/comments?post=1547"}],"version-history":[{"count":31,"href":"https:\/\/bdriv.fr\/en\/wp-json\/wp\/v2\/pages\/1547\/revisions"}],"predecessor-version":[{"id":2238,"href":"https:\/\/bdriv.fr\/en\/wp-json\/wp\/v2\/pages\/1547\/revisions\/2238"}],"wp:attachment":[{"href":"https:\/\/bdriv.fr\/en\/wp-json\/wp\/v2\/media?parent=1547"}],"curies":[{"name":"wp","href":"https:\/\/api.w.org\/{rel}","templated":true}]}}