{"id":1717,"date":"2024-10-29T19:31:32","date_gmt":"2024-10-29T18:31:32","guid":{"rendered":"https:\/\/bdriv.fr\/?page_id=1717"},"modified":"2024-11-17T23:40:41","modified_gmt":"2024-11-17T22:40:41","slug":"attractions","status":"publish","type":"page","link":"https:\/\/bdriv.fr\/en\/attractions\/","title":{"rendered":"Attractions"},"content":{"rendered":"<div data-elementor-type=\"wp-page\" data-elementor-id=\"1717\" class=\"elementor elementor-1717\" data-elementor-post-type=\"page\">\n\t\t\t\t\t\t<section class=\"elementor-section elementor-top-section elementor-element elementor-element-a033f19 elementor-section-height-min-height elementor-section-content-middle elementor-section-boxed elementor-section-height-default elementor-section-items-middle\" data-id=\"a033f19\" data-element_type=\"section\" data-e-type=\"section\" data-settings=\"{&quot;background_background&quot;:&quot;classic&quot;}\">\n\t\t\t\t\t\t\t<div class=\"elementor-background-overlay\"><\/div>\n\t\t\t\t\t\t\t<div class=\"elementor-container elementor-column-gap-custom\">\n\t\t\t\t\t<div class=\"elementor-column elementor-col-100 elementor-top-column elementor-element elementor-element-dbe86ae\" data-id=\"dbe86ae\" data-element_type=\"column\" data-e-type=\"column\">\n\t\t\t<div class=\"elementor-widget-wrap elementor-element-populated\">\n\t\t\t\t\t\t<div class=\"elementor-element elementor-element-50852a5 hero-title elementor-widget elementor-widget-heading\" data-id=\"50852a5\" data-element_type=\"widget\" data-e-type=\"widget\" data-widget_type=\"heading.default\">\n\t\t\t\t<div class=\"elementor-widget-container\">\n\t\t\t\t\t<h1 class=\"elementor-heading-title elementor-size-default\">R\u00e9servez votre chauffeur priv\u00e9 \u00e0 Paris pour d\u00e9couvrir les meilleures attractions et parcs<\/h1>\t\t\t\t<\/div>\n\t\t\t\t<\/div>\n\t\t\t\t<div class=\"elementor-element elementor-element-0234371 elementor-widget elementor-widget-text-editor\" data-id=\"0234371\" data-element_type=\"widget\" data-e-type=\"widget\" data-widget_type=\"text-editor.default\">\n\t\t\t\t<div class=\"elementor-widget-container\">\n\t\t\t\t\t\t\t\t\t<p>D\u00e9couvrez Paris en toute s\u00e9r\u00e9nit\u00e9 avec notre service de <strong>private driver<\/strong> qui vous accompagne vers les sites embl\u00e9matiques de la ville. Que vous souhaitiez passer une journ\u00e9e au <strong>Parc Ast\u00e9rix<\/strong>, \u00e0 <strong>Disneyland Paris<\/strong>, ou explorer les <strong>Jardins de Versailles<\/strong>, nous vous garantissons un trajet confortable, ponctuel et sans stress.<\/p><p>Nos chauffeurs priv\u00e9s sont \u00e0 votre disposition pour vous emmener aux attractions incontournables de Paris et ses alentours. Ils connaissent parfaitement les itin\u00e9raires et peuvent vous offrir une exp\u00e9rience agr\u00e9able, vous permettant de profiter pleinement de chaque moment pass\u00e9 dans ces lieux de divertissement.<\/p>\t\t\t\t\t\t\t\t<\/div>\n\t\t\t\t<\/div>\n\t\t\t\t<section class=\"elementor-section elementor-inner-section elementor-element elementor-element-d40acb0 elementor-section-boxed elementor-section-height-default elementor-section-height-default\" data-id=\"d40acb0\" data-element_type=\"section\" data-e-type=\"section\">\n\t\t\t\t\t\t<div class=\"elementor-container elementor-column-gap-default\">\n\t\t\t\t\t<div class=\"elementor-column elementor-col-50 elementor-inner-column elementor-element elementor-element-c0d14e2\" data-id=\"c0d14e2\" data-element_type=\"column\" data-e-type=\"column\">\n\t\t\t<div class=\"elementor-widget-wrap elementor-element-populated\">\n\t\t\t\t\t\t<div class=\"elementor-element elementor-element-e741dfe elementor-align-right hero-btn elementor-widget elementor-widget-button\" data-id=\"e741dfe\" data-element_type=\"widget\" data-e-type=\"widget\" data-widget_type=\"button.default\">\n\t\t\t\t<div class=\"elementor-widget-container\">\n\t\t\t\t\t\t\t\t\t<div class=\"elementor-button-wrapper\">\n\t\t\t\t\t<a class=\"elementor-button elementor-button-link elementor-size-sm\" href=\"https:\/\/bdriv.fr\/en\/contact\/\">\n\t\t\t\t\t\t<span class=\"elementor-button-content-wrapper\">\n\t\t\t\t\t\t\t\t\t<span class=\"elementor-button-text\">Contact<\/span>\n\t\t\t\t\t<\/span>\n\t\t\t\t\t<\/a>\n\t\t\t\t<\/div>\n\t\t\t\t\t\t\t\t<\/div>\n\t\t\t\t<\/div>\n\t\t\t\t\t<\/div>\n\t\t<\/div>\n\t\t\t\t<div class=\"elementor-column elementor-col-50 elementor-inner-column elementor-element elementor-element-6a0ffe9\" data-id=\"6a0ffe9\" data-element_type=\"column\" data-e-type=\"column\">\n\t\t\t<div class=\"elementor-widget-wrap elementor-element-populated\">\n\t\t\t\t\t\t<div class=\"elementor-element elementor-element-ae7d844 elementor-align-left hero-btn elementor-widget elementor-widget-button\" data-id=\"ae7d844\" data-element_type=\"widget\" data-e-type=\"widget\" data-widget_type=\"button.default\">\n\t\t\t\t<div class=\"elementor-widget-container\">\n\t\t\t\t\t\t\t\t\t<div class=\"elementor-button-wrapper\">\n\t\t\t\t\t<a class=\"elementor-button elementor-button-link elementor-size-sm\" href=\"https:\/\/bdriv.fr\/en\/\">\n\t\t\t\t\t\t<span class=\"elementor-button-content-wrapper\">\n\t\t\t\t\t\t\t\t\t<span class=\"elementor-button-text\">Book<\/span>\n\t\t\t\t\t<\/span>\n\t\t\t\t\t<\/a>\n\t\t\t\t<\/div>\n\t\t\t\t\t\t\t\t<\/div>\n\t\t\t\t<\/div>\n\t\t\t\t\t<\/div>\n\t\t<\/div>\n\t\t\t\t\t<\/div>\n\t\t<\/section>\n\t\t\t\t\t<\/div>\n\t\t<\/div>\n\t\t\t\t\t<\/div>\n\t\t<\/section>\n\t\t<div class=\"elementor-element elementor-element-eb6dec6 e-flex e-con-boxed e-con e-parent\" data-id=\"eb6dec6\" data-element_type=\"container\" data-e-type=\"container\">\n\t\t\t\t\t<div class=\"e-con-inner\">\n\t\t\t\t<div class=\"elementor-element elementor-element-3d01c38 elementor-widget elementor-widget-heading\" data-id=\"3d01c38\" data-element_type=\"widget\" data-e-type=\"widget\" data-widget_type=\"heading.default\">\n\t\t\t\t<div class=\"elementor-widget-container\">\n\t\t\t\t\t<h2 class=\"elementor-heading-title elementor-size-default\">Pourquoi choisir notre service de chauffeur priv\u00e9 pour vos visites ?<\/h2>\t\t\t\t<\/div>\n\t\t\t\t<\/div>\n\t\t\t\t\t<\/div>\n\t\t\t\t<\/div>\n\t\t<div class=\"elementor-element elementor-element-fdabf28 e-flex e-con-boxed e-con e-parent\" data-id=\"fdabf28\" data-element_type=\"container\" data-e-type=\"container\">\n\t\t\t\t\t<div class=\"e-con-inner\">\n\t\t\t\t<div class=\"elementor-element elementor-element-c2c0df0 elementor-widget elementor-widget-text-editor\" data-id=\"c2c0df0\" data-element_type=\"widget\" data-e-type=\"widget\" data-widget_type=\"text-editor.default\">\n\t\t\t\t<div class=\"elementor-widget-container\">\n\t\t\t\t\t\t\t\t\t<ul><li><p><strong>Confort et s\u00e9curit\u00e9<\/strong> : Profitez d&rsquo;un v\u00e9hicule spacieux et bien \u00e9quip\u00e9, id\u00e9al pour les familles, les groupes d&rsquo;amis ou les couples. Nos chauffeurs exp\u00e9riment\u00e9s assurent un trajet s\u00fbr et agr\u00e9able, quels que soient les sites que vous choisissez de visiter.<\/p><\/li><li><p><strong>Flexibilit\u00e9 et disponibilit\u00e9<\/strong> : Notre service est disponible <strong>24h\/24 et 7j\/7<\/strong>, s&rsquo;adaptant \u00e0 votre emploi du temps pour garantir une prise en charge adapt\u00e9e \u00e0 vos besoins. Que vous souhaitiez visiter plusieurs parcs ou attractions dans la m\u00eame journ\u00e9e, nous nous ajustons \u00e0 votre programme.<\/p><\/li><li><p><strong>Connaissance des lieux touristiques<\/strong> : Nos chauffeurs priv\u00e9s connaissent les itin\u00e9raires optimaux pour chaque attraction et peuvent vous conseiller sur les meilleurs horaires et astuces pour \u00e9viter les files d&rsquo;attente.<\/p><\/li><li><p><strong>Assistance personnalis\u00e9e<\/strong> : Nous proposons une gamme de services sur-mesure, incluant des options d&rsquo;attente et de retour. Pas besoin de vous soucier du stationnement ou de la logistique ; nous nous occupons de tout.<\/p><\/li><\/ul>\t\t\t\t\t\t\t\t<\/div>\n\t\t\t\t<\/div>\n\t\t\t\t\t<\/div>\n\t\t\t\t<\/div>\n\t\t<div class=\"elementor-element elementor-element-ce1feca e-flex e-con-boxed e-con e-parent\" data-id=\"ce1feca\" data-element_type=\"container\" data-e-type=\"container\">\n\t\t\t\t\t<div class=\"e-con-inner\">\n\t\t\t\t<div class=\"elementor-element elementor-element-aa5caa7 elementor-widget elementor-widget-heading\" data-id=\"aa5caa7\" data-element_type=\"widget\" data-e-type=\"widget\" data-widget_type=\"heading.default\">\n\t\t\t\t<div class=\"elementor-widget-container\">\n\t\t\t\t\t<h2 class=\"elementor-heading-title elementor-size-default\">Destinations populaires<\/h2>\t\t\t\t<\/div>\n\t\t\t\t<\/div>\n\t\t\t\t\t<\/div>\n\t\t\t\t<\/div>\n\t\t<div class=\"elementor-element elementor-element-5cd8190 e-flex e-con-boxed e-con e-parent\" data-id=\"5cd8190\" data-element_type=\"container\" data-e-type=\"container\">\n\t\t\t\t\t<div class=\"e-con-inner\">\n\t\t\t\t<div class=\"elementor-element elementor-element-5916c8e elementor-widget elementor-widget-text-editor\" data-id=\"5916c8e\" data-element_type=\"widget\" data-e-type=\"widget\" data-widget_type=\"text-editor.default\">\n\t\t\t\t<div class=\"elementor-widget-container\">\n\t\t\t\t\t\t\t\t\t<ul><li><strong>Disneyland Paris<\/strong> : Plongez dans l\u2019univers magique de Disney avec un trajet confortable d\u00e8s votre d\u00e9part. Notre service de chauffeur priv\u00e9 s\u2019assure de vous offrir une exp\u00e9rience unique jusqu\u2019\u00e0 l\u2019entr\u00e9e du parc.\u00a0 \u00a0<a href=\"https:\/\/bdriv.fr\/en\/vtc-disneyland-paris\/\"><span style=\"text-decoration: underline;\"><em>R\u00e9servez chauffeur priv\u00e9 pour Disneyland Paris<\/em><\/span><\/a><\/li><li><strong>Parc Ast\u00e9rix<\/strong> : Profitez d&rsquo;une journ\u00e9e remplie d\u2019aventures gauloises, et laissez-nous vous ramener apr\u00e8s une journ\u00e9e bien remplie. <a href=\"https:\/\/bdriv.fr\/en\/vtc-parc-asterix\/\"><span style=\"text-decoration: underline;\"><em>R\u00e9servez chauffeur priv\u00e9 pour Parc Ast\u00e9rix Paris<\/em><\/span><\/a><\/li><li><strong>Ch\u00e2teau de Versailles et ses Jardins<\/strong> : Explorez l&rsquo;histoire de France en toute s\u00e9r\u00e9nit\u00e9 avec notre chauffeur \u00e0 votre disposition pour toute la dur\u00e9e de votre visite.<\/li><\/ul>\t\t\t\t\t\t\t\t<\/div>\n\t\t\t\t<\/div>\n\t\t\t\t\t<\/div>\n\t\t\t\t<\/div>\n\t\t<div class=\"elementor-element elementor-element-6fb23a2 e-flex e-con-boxed e-con e-parent\" data-id=\"6fb23a2\" data-element_type=\"container\" data-e-type=\"container\">\n\t\t\t\t\t<div class=\"e-con-inner\">\n\t\t\t\t<div class=\"elementor-element elementor-element-1fc7d03 elementor-widget elementor-widget-text-editor\" data-id=\"1fc7d03\" data-element_type=\"widget\" data-e-type=\"widget\" data-widget_type=\"text-editor.default\">\n\t\t\t\t<div class=\"elementor-widget-container\">\n\t\t\t\t\t\t\t\t\t<p><strong>R\u00e9servez d\u00e8s maintenant<\/strong> votre chauffeur priv\u00e9 \u00e0 Paris pour une exp\u00e9rience de voyage unique et simplifi\u00e9e vers les meilleures attractions et parcs !<\/p>\t\t\t\t\t\t\t\t<\/div>\n\t\t\t\t<\/div>\n\t\t\t\t\t<\/div>\n\t\t\t\t<\/div>\n\t\t\t\t<\/div>","protected":false},"excerpt":{"rendered":"<p>R\u00e9servez votre chauffeur priv\u00e9 \u00e0 Paris pour d\u00e9couvrir les meilleures attractions et parcs D\u00e9couvrez Paris en toute s\u00e9r\u00e9nit\u00e9 avec notre service de chauffeur priv\u00e9 qui vous accompagne vers les sites embl\u00e9matiques de la ville. Que vous souhaitiez passer une journ\u00e9e au Parc Ast\u00e9rix, \u00e0 Disneyland Paris, ou explorer les Jardins de Versailles, nous vous garantissons [&hellip;]<\/p>\n","protected":false},"author":1,"featured_media":0,"parent":0,"menu_order":0,"comment_status":"closed","ping_status":"closed","template":"","meta":{"_eb_attr":"","ocean_post_layout":"","ocean_both_sidebars_style":"","ocean_both_sidebars_content_width":0,"ocean_both_sidebars_sidebars_width":0,"ocean_sidebar":"","ocean_second_sidebar":"","ocean_disable_margins":"enable","ocean_add_body_class":"","ocean_shortcode_before_top_bar":"","ocean_shortcode_after_top_bar":"","ocean_shortcode_before_header":"","ocean_shortcode_after_header":"","ocean_has_shortcode":"","ocean_shortcode_after_title":"","ocean_shortcode_before_footer_widgets":"","ocean_shortcode_after_footer_widgets":"","ocean_shortcode_before_footer_bottom":"","ocean_shortcode_after_footer_bottom":"","ocean_display_top_bar":"default","ocean_display_header":"default","ocean_header_style":"","ocean_center_header_left_menu":"","ocean_custom_header_template":"","ocean_custom_logo":0,"ocean_custom_retina_logo":0,"ocean_custom_logo_max_width":0,"ocean_custom_logo_tablet_max_width":0,"ocean_custom_logo_mobile_max_width":0,"ocean_custom_logo_max_height":0,"ocean_custom_logo_tablet_max_height":0,"ocean_custom_logo_mobile_max_height":0,"ocean_header_custom_menu":"","ocean_menu_typo_font_family":"","ocean_menu_typo_font_subset":"","ocean_menu_typo_font_size":0,"ocean_menu_typo_font_size_tablet":0,"ocean_menu_typo_font_size_mobile":0,"ocean_menu_typo_font_size_unit":"px","ocean_menu_typo_font_weight":"","ocean_menu_typo_font_weight_tablet":"","ocean_menu_typo_font_weight_mobile":"","ocean_menu_typo_transform":"","ocean_menu_typo_transform_tablet":"","ocean_menu_typo_transform_mobile":"","ocean_menu_typo_line_height":0,"ocean_menu_typo_line_height_tablet":0,"ocean_menu_typo_line_height_mobile":0,"ocean_menu_typo_line_height_unit":"","ocean_menu_typo_spacing":0,"ocean_menu_typo_spacing_tablet":0,"ocean_menu_typo_spacing_mobile":0,"ocean_menu_typo_spacing_unit":"","ocean_menu_link_color":"","ocean_menu_link_color_hover":"","ocean_menu_link_color_active":"","ocean_menu_link_background":"","ocean_menu_link_hover_background":"","ocean_menu_link_active_background":"","ocean_menu_social_links_bg":"","ocean_menu_social_hover_links_bg":"","ocean_menu_social_links_color":"","ocean_menu_social_hover_links_color":"","ocean_disable_title":"default","ocean_disable_heading":"default","ocean_post_title":"","ocean_post_subheading":"","ocean_post_title_style":"","ocean_post_title_background_color":"","ocean_post_title_background":0,"ocean_post_title_bg_image_position":"","ocean_post_title_bg_image_attachment":"","ocean_post_title_bg_image_repeat":"","ocean_post_title_bg_image_size":"","ocean_post_title_height":0,"ocean_post_title_bg_overlay":0.5,"ocean_post_title_bg_overlay_color":"","ocean_disable_breadcrumbs":"default","ocean_breadcrumbs_color":"","ocean_breadcrumbs_separator_color":"","ocean_breadcrumbs_links_color":"","ocean_breadcrumbs_links_hover_color":"","ocean_display_footer_widgets":"default","ocean_display_footer_bottom":"default","ocean_custom_footer_template":"","footnotes":""},"class_list":["post-1717","page","type-page","status-publish","hentry","entry"],"yoast_head":"<!-- This site is optimized with the Yoast SEO plugin v27.5 - https:\/\/yoast.com\/product\/yoast-seo-wordpress\/ -->\n<title>Attractions - chauffeur priv\u00e9 paris<\/title>\n<meta name=\"robots\" content=\"noindex, follow\" \/>\n<meta property=\"og:locale\" content=\"en_US\" \/>\n<meta property=\"og:type\" content=\"article\" \/>\n<meta property=\"og:title\" content=\"Attractions - chauffeur priv\u00e9 paris\" \/>\n<meta property=\"og:description\" content=\"R\u00e9servez votre chauffeur priv\u00e9 \u00e0 Paris pour d\u00e9couvrir les meilleures attractions et parcs D\u00e9couvrez Paris en toute s\u00e9r\u00e9nit\u00e9 avec notre service de chauffeur priv\u00e9 qui vous accompagne vers les sites embl\u00e9matiques de la ville. Que vous souhaitiez passer une journ\u00e9e au Parc Ast\u00e9rix, \u00e0 Disneyland Paris, ou explorer les Jardins de Versailles, nous vous garantissons [&hellip;]\" \/>\n<meta property=\"og:url\" content=\"https:\/\/bdriv.fr\/en\/attractions\/\" \/>\n<meta property=\"og:site_name\" content=\"chauffeur priv\u00e9 paris\" \/>\n<meta property=\"article:modified_time\" content=\"2024-11-17T22:40:41+00:00\" \/>\n<meta name=\"twitter:card\" content=\"summary_large_image\" \/>\n<meta name=\"twitter:label1\" content=\"Est. reading time\" \/>\n\t<meta name=\"twitter:data1\" content=\"2 minutes\" \/>\n<script type=\"application\/ld+json\" class=\"yoast-schema-graph\">{\"@context\":\"https:\\\/\\\/schema.org\",\"@graph\":[{\"@type\":\"WebPage\",\"@id\":\"https:\\\/\\\/bdriv.fr\\\/attractions\\\/\",\"url\":\"https:\\\/\\\/bdriv.fr\\\/attractions\\\/\",\"name\":\"Attractions - chauffeur priv\u00e9 paris\",\"isPartOf\":{\"@id\":\"https:\\\/\\\/bdriv.fr\\\/#website\"},\"datePublished\":\"2024-10-29T18:31:32+00:00\",\"dateModified\":\"2024-11-17T22:40:41+00:00\",\"breadcrumb\":{\"@id\":\"https:\\\/\\\/bdriv.fr\\\/attractions\\\/#breadcrumb\"},\"inLanguage\":\"en-US\",\"potentialAction\":[{\"@type\":\"ReadAction\",\"target\":[\"https:\\\/\\\/bdriv.fr\\\/attractions\\\/\"]}]},{\"@type\":\"BreadcrumbList\",\"@id\":\"https:\\\/\\\/bdriv.fr\\\/attractions\\\/#breadcrumb\",\"itemListElement\":[{\"@type\":\"ListItem\",\"position\":1,\"name\":\"Accueil\",\"item\":\"https:\\\/\\\/bdriv.fr\\\/\"},{\"@type\":\"ListItem\",\"position\":2,\"name\":\"Attractions\"}]},{\"@type\":\"WebSite\",\"@id\":\"https:\\\/\\\/bdriv.fr\\\/#website\",\"url\":\"https:\\\/\\\/bdriv.fr\\\/\",\"name\":\"paris transfers\",\"description\":\"Paris Transfers\",\"publisher\":{\"@id\":\"https:\\\/\\\/bdriv.fr\\\/#organization\"},\"potentialAction\":[{\"@type\":\"SearchAction\",\"target\":{\"@type\":\"EntryPoint\",\"urlTemplate\":\"https:\\\/\\\/bdriv.fr\\\/?s={search_term_string}\"},\"query-input\":{\"@type\":\"PropertyValueSpecification\",\"valueRequired\":true,\"valueName\":\"search_term_string\"}}],\"inLanguage\":\"en-US\"},{\"@type\":\"Organization\",\"@id\":\"https:\\\/\\\/bdriv.fr\\\/#organization\",\"name\":\"paris transfers\",\"url\":\"https:\\\/\\\/bdriv.fr\\\/\",\"logo\":{\"@type\":\"ImageObject\",\"inLanguage\":\"en-US\",\"@id\":\"https:\\\/\\\/bdriv.fr\\\/#\\\/schema\\\/logo\\\/image\\\/\",\"url\":\"https:\\\/\\\/bdriv.fr\\\/wp-content\\\/uploads\\\/2024\\\/10\\\/cropped-Logo-chauffeur-prive-NV-e1728679535608.png\",\"contentUrl\":\"https:\\\/\\\/bdriv.fr\\\/wp-content\\\/uploads\\\/2024\\\/10\\\/cropped-Logo-chauffeur-prive-NV-e1728679535608.png\",\"width\":44,\"height\":42,\"caption\":\"paris transfers\"},\"image\":{\"@id\":\"https:\\\/\\\/bdriv.fr\\\/#\\\/schema\\\/logo\\\/image\\\/\"}}]}<\/script>\n<!-- \/ Yoast SEO plugin. -->","yoast_head_json":{"title":"Attractions - chauffeur priv\u00e9 paris","robots":{"index":"noindex","follow":"follow"},"og_locale":"en_US","og_type":"article","og_title":"Attractions - chauffeur priv\u00e9 paris","og_description":"R\u00e9servez votre chauffeur priv\u00e9 \u00e0 Paris pour d\u00e9couvrir les meilleures attractions et parcs D\u00e9couvrez Paris en toute s\u00e9r\u00e9nit\u00e9 avec notre service de chauffeur priv\u00e9 qui vous accompagne vers les sites embl\u00e9matiques de la ville. Que vous souhaitiez passer une journ\u00e9e au Parc Ast\u00e9rix, \u00e0 Disneyland Paris, ou explorer les Jardins de Versailles, nous vous garantissons [&hellip;]","og_url":"https:\/\/bdriv.fr\/en\/attractions\/","og_site_name":"chauffeur priv\u00e9 paris","article_modified_time":"2024-11-17T22:40:41+00:00","twitter_card":"summary_large_image","twitter_misc":{"Est. reading time":"2 minutes"},"schema":{"@context":"https:\/\/schema.org","@graph":[{"@type":"WebPage","@id":"https:\/\/bdriv.fr\/attractions\/","url":"https:\/\/bdriv.fr\/attractions\/","name":"Attractions - chauffeur priv\u00e9 paris","isPartOf":{"@id":"https:\/\/bdriv.fr\/#website"},"datePublished":"2024-10-29T18:31:32+00:00","dateModified":"2024-11-17T22:40:41+00:00","breadcrumb":{"@id":"https:\/\/bdriv.fr\/attractions\/#breadcrumb"},"inLanguage":"en-US","potentialAction":[{"@type":"ReadAction","target":["https:\/\/bdriv.fr\/attractions\/"]}]},{"@type":"BreadcrumbList","@id":"https:\/\/bdriv.fr\/attractions\/#breadcrumb","itemListElement":[{"@type":"ListItem","position":1,"name":"Accueil","item":"https:\/\/bdriv.fr\/"},{"@type":"ListItem","position":2,"name":"Attractions"}]},{"@type":"WebSite","@id":"https:\/\/bdriv.fr\/#website","url":"https:\/\/bdriv.fr\/","name":"paris transfers","description":"Paris Transfers","publisher":{"@id":"https:\/\/bdriv.fr\/#organization"},"potentialAction":[{"@type":"SearchAction","target":{"@type":"EntryPoint","urlTemplate":"https:\/\/bdriv.fr\/?s={search_term_string}"},"query-input":{"@type":"PropertyValueSpecification","valueRequired":true,"valueName":"search_term_string"}}],"inLanguage":"en-US"},{"@type":"Organization","@id":"https:\/\/bdriv.fr\/#organization","name":"paris transfers","url":"https:\/\/bdriv.fr\/","logo":{"@type":"ImageObject","inLanguage":"en-US","@id":"https:\/\/bdriv.fr\/#\/schema\/logo\/image\/","url":"https:\/\/bdriv.fr\/wp-content\/uploads\/2024\/10\/cropped-Logo-chauffeur-prive-NV-e1728679535608.png","contentUrl":"https:\/\/bdriv.fr\/wp-content\/uploads\/2024\/10\/cropped-Logo-chauffeur-prive-NV-e1728679535608.png","width":44,"height":42,"caption":"paris transfers"},"image":{"@id":"https:\/\/bdriv.fr\/#\/schema\/logo\/image\/"}}]}},"_links":{"self":[{"href":"https:\/\/bdriv.fr\/en\/wp-json\/wp\/v2\/pages\/1717","targetHints":{"allow":["GET"]}}],"collection":[{"href":"https:\/\/bdriv.fr\/en\/wp-json\/wp\/v2\/pages"}],"about":[{"href":"https:\/\/bdriv.fr\/en\/wp-json\/wp\/v2\/types\/page"}],"author":[{"embeddable":true,"href":"https:\/\/bdriv.fr\/en\/wp-json\/wp\/v2\/users\/1"}],"replies":[{"embeddable":true,"href":"https:\/\/bdriv.fr\/en\/wp-json\/wp\/v2\/comments?post=1717"}],"version-history":[{"count":31,"href":"https:\/\/bdriv.fr\/en\/wp-json\/wp\/v2\/pages\/1717\/revisions"}],"predecessor-version":[{"id":2225,"href":"https:\/\/bdriv.fr\/en\/wp-json\/wp\/v2\/pages\/1717\/revisions\/2225"}],"wp:attachment":[{"href":"https:\/\/bdriv.fr\/en\/wp-json\/wp\/v2\/media?parent=1717"}],"curies":[{"name":"wp","href":"https:\/\/api.w.org\/{rel}","templated":true}]}}