{"id":2081,"date":"2024-11-14T19:06:53","date_gmt":"2024-11-14T18:06:53","guid":{"rendered":"https:\/\/bdriv.fr\/?page_id=2081"},"modified":"2024-11-14T23:33:54","modified_gmt":"2024-11-14T22:33:54","slug":"mentions-legales","status":"publish","type":"page","link":"https:\/\/bdriv.fr\/en\/mentions-legales\/","title":{"rendered":"Mentions l\u00e9gales"},"content":{"rendered":"\t\t<div data-elementor-type=\"wp-page\" data-elementor-id=\"2081\" class=\"elementor elementor-2081\" data-elementor-post-type=\"page\">\n\t\t\t\t<div class=\"elementor-element elementor-element-6a2c9d2 e-con-full e-flex e-con e-parent\" data-id=\"6a2c9d2\" data-element_type=\"container\" data-e-type=\"container\" data-settings=\"{&quot;background_background&quot;:&quot;classic&quot;}\">\n\t\t\t\t<div class=\"elementor-element elementor-element-83bed61 elementor-widget elementor-widget-heading\" data-id=\"83bed61\" data-element_type=\"widget\" data-e-type=\"widget\" data-widget_type=\"heading.default\">\n\t\t\t\t<div class=\"elementor-widget-container\">\n\t\t\t\t\t<h2 class=\"elementor-heading-title elementor-size-default\">Mentions L\u00e9gales<\/h2>\t\t\t\t<\/div>\n\t\t\t\t<\/div>\n\t\t\t\t<\/div>\n\t\t<div class=\"elementor-element elementor-element-58a7ef6 e-flex e-con-boxed e-con e-parent\" data-id=\"58a7ef6\" data-element_type=\"container\" data-e-type=\"container\">\n\t\t\t\t\t<div class=\"e-con-inner\">\n\t\t\t\t\t<\/div>\n\t\t\t\t<\/div>\n\t\t<div class=\"elementor-element elementor-element-84266ae e-flex e-con-boxed e-con e-parent\" data-id=\"84266ae\" data-element_type=\"container\" data-e-type=\"container\" data-settings=\"{&quot;background_background&quot;:&quot;classic&quot;}\">\n\t\t\t\t\t<div class=\"e-con-inner\">\n\t\t\t\t<div class=\"elementor-element elementor-element-4a6c325 elementor-widget elementor-widget-text-editor\" data-id=\"4a6c325\" data-element_type=\"widget\" data-e-type=\"widget\" data-widget_type=\"text-editor.default\">\n\t\t\t\t<div class=\"elementor-widget-container\">\n\t\t\t\t\t\t\t\t\t<p><strong>1. Pr\u00e9sentation du site :<\/strong><\/p><p>Le pr\u00e9sent site internet, accessible \u00e0 l\u2019adresse <a href=\"https:\/\/bdriv.fr\" target=\"_new\" rel=\"noopener\">bdriv.fr<\/a>, est la propri\u00e9t\u00e9 de <strong>Bdriv<\/strong>, une soci\u00e9t\u00e9 sp\u00e9cialis\u00e9e dans les services de transport avec chauffeur.<\/p><p><strong>2. \u00c9diteur du site :<\/strong><\/p><ul><li><strong>Raison sociale<\/strong> : Bdriv<\/li><li><strong>SIRET<\/strong> : 92107841600010<\/li><li><strong>Adresse<\/strong> : ETG2, APP. 21, 1 RUE PAU CASALS, 92100 BOULOGNE-BILLANCOURT<\/li><li><strong>Responsable de la publication<\/strong> : LABYADH<\/li><li><strong>Contact<\/strong> : <a rel=\"noopener\">contact@bdriv.fr<\/a><\/li><\/ul><p><strong>3. H\u00e9bergeur du site :<\/strong><\/p><p>Le site est h\u00e9berg\u00e9 par :<\/p><ul><li><strong>LWS (Ligne Web Services)<\/strong><\/li><li><strong>Adresse<\/strong> : 10 Rue Penthi\u00e8vre, 75008 Paris, France<\/li><li><strong>Site web<\/strong> : <a href=\"https:\/\/www.lws.fr\" target=\"_new\" rel=\"noopener\">https:\/\/www.lws.fr<\/a><\/li><li><strong>Contact<\/strong> : <a rel=\"noopener\">support@lws.fr<\/a><\/li><\/ul><p><strong>4. Propri\u00e9t\u00e9 intellectuelle :<\/strong><\/p><p>L\u2019ensemble du contenu pr\u00e9sent sur le site bdriv.fr, y compris les textes, images, graphismes, logo et ic\u00f4nes, est la propri\u00e9t\u00e9 de Bdriv ou de ses partenaires et est prot\u00e9g\u00e9 par les lois en vigueur en mati\u00e8re de propri\u00e9t\u00e9 intellectuelle. Toute reproduction, distribution, modification ou utilisation de ces \u00e9l\u00e9ments sans autorisation pr\u00e9alable de Bdriv est strictement interdite.<\/p><p><strong>5. Limitation de responsabilit\u00e9 :<\/strong><\/p><p>Bdriv s\u2019efforce de fournir des informations exactes et \u00e0 jour sur son site, cependant, l\u2019\u00e9diteur ne peut \u00eatre tenu pour responsable des erreurs ou omissions dans le contenu du site. Les utilisateurs du site bdriv.fr assument l&rsquo;enti\u00e8re responsabilit\u00e9 de l\u2019utilisation des informations disponibles.<\/p><p><strong>6. Donn\u00e9es personnelles :<\/strong><\/p><p>Pour toute information concernant la collecte et l\u2019utilisation de vos donn\u00e9es personnelles, veuillez consulter notre [<a href=\"https:\/\/bdriv.fr\/rgpd\/\">Politique de Confidentialit\u00e9<\/a>].<\/p><p><strong>7. Droit applicable :<\/strong><\/p><p>Les pr\u00e9sentes mentions l\u00e9gales sont r\u00e9gies par le droit fran\u00e7ais. En cas de litige, et \u00e0 d\u00e9faut d\u2019accord amiable, les tribunaux fran\u00e7ais seront seuls comp\u00e9tents pour r\u00e9gler le diff\u00e9rend.<\/p>\t\t\t\t\t\t\t\t<\/div>\n\t\t\t\t<\/div>\n\t\t\t\t\t<\/div>\n\t\t\t\t<\/div>\n\t\t\t\t<\/div>\n\t\t","protected":false},"excerpt":{"rendered":"<p>Mentions L\u00e9gales 1. Pr\u00e9sentation du site : Le pr\u00e9sent site internet, accessible \u00e0 l\u2019adresse bdriv.fr, est la propri\u00e9t\u00e9 de Bdriv, une soci\u00e9t\u00e9 sp\u00e9cialis\u00e9e dans les services de transport avec chauffeur. 2. \u00c9diteur du site : Raison sociale : Bdriv SIRET : 92107841600010 Adresse : ETG2, APP. 21, 1 RUE PAU CASALS, 92100 BOULOGNE-BILLANCOURT Responsable de [&hellip;]<\/p>\n","protected":false},"author":1,"featured_media":0,"parent":0,"menu_order":0,"comment_status":"closed","ping_status":"closed","template":"","meta":{"_eb_attr":"","ocean_post_layout":"","ocean_both_sidebars_style":"","ocean_both_sidebars_content_width":0,"ocean_both_sidebars_sidebars_width":0,"ocean_sidebar":"","ocean_second_sidebar":"","ocean_disable_margins":"enable","ocean_add_body_class":"","ocean_shortcode_before_top_bar":"","ocean_shortcode_after_top_bar":"","ocean_shortcode_before_header":"","ocean_shortcode_after_header":"","ocean_has_shortcode":"","ocean_shortcode_after_title":"","ocean_shortcode_before_footer_widgets":"","ocean_shortcode_after_footer_widgets":"","ocean_shortcode_before_footer_bottom":"","ocean_shortcode_after_footer_bottom":"","ocean_display_top_bar":"default","ocean_display_header":"default","ocean_header_style":"","ocean_center_header_left_menu":"","ocean_custom_header_template":"","ocean_custom_logo":0,"ocean_custom_retina_logo":0,"ocean_custom_logo_max_width":0,"ocean_custom_logo_tablet_max_width":0,"ocean_custom_logo_mobile_max_width":0,"ocean_custom_logo_max_height":0,"ocean_custom_logo_tablet_max_height":0,"ocean_custom_logo_mobile_max_height":0,"ocean_header_custom_menu":"","ocean_menu_typo_font_family":"","ocean_menu_typo_font_subset":"","ocean_menu_typo_font_size":0,"ocean_menu_typo_font_size_tablet":0,"ocean_menu_typo_font_size_mobile":0,"ocean_menu_typo_font_size_unit":"px","ocean_menu_typo_font_weight":"","ocean_menu_typo_font_weight_tablet":"","ocean_menu_typo_font_weight_mobile":"","ocean_menu_typo_transform":"","ocean_menu_typo_transform_tablet":"","ocean_menu_typo_transform_mobile":"","ocean_menu_typo_line_height":0,"ocean_menu_typo_line_height_tablet":0,"ocean_menu_typo_line_height_mobile":0,"ocean_menu_typo_line_height_unit":"","ocean_menu_typo_spacing":0,"ocean_menu_typo_spacing_tablet":0,"ocean_menu_typo_spacing_mobile":0,"ocean_menu_typo_spacing_unit":"","ocean_menu_link_color":"","ocean_menu_link_color_hover":"","ocean_menu_link_color_active":"","ocean_menu_link_background":"","ocean_menu_link_hover_background":"","ocean_menu_link_active_background":"","ocean_menu_social_links_bg":"","ocean_menu_social_hover_links_bg":"","ocean_menu_social_links_color":"","ocean_menu_social_hover_links_color":"","ocean_disable_title":"default","ocean_disable_heading":"default","ocean_post_title":"","ocean_post_subheading":"","ocean_post_title_style":"","ocean_post_title_background_color":"","ocean_post_title_background":0,"ocean_post_title_bg_image_position":"","ocean_post_title_bg_image_attachment":"","ocean_post_title_bg_image_repeat":"","ocean_post_title_bg_image_size":"","ocean_post_title_height":0,"ocean_post_title_bg_overlay":0.5,"ocean_post_title_bg_overlay_color":"","ocean_disable_breadcrumbs":"default","ocean_breadcrumbs_color":"","ocean_breadcrumbs_separator_color":"","ocean_breadcrumbs_links_color":"","ocean_breadcrumbs_links_hover_color":"","ocean_display_footer_widgets":"default","ocean_display_footer_bottom":"default","ocean_custom_footer_template":"","footnotes":""},"class_list":["post-2081","page","type-page","status-publish","hentry","entry"],"yoast_head":"<!-- This site is optimized with the Yoast SEO plugin v27.5 - https:\/\/yoast.com\/product\/yoast-seo-wordpress\/ -->\n<title>Mentions l\u00e9gales - chauffeur priv\u00e9 paris<\/title>\n<meta name=\"robots\" content=\"noindex, follow\" \/>\n<meta property=\"og:locale\" content=\"en_US\" \/>\n<meta property=\"og:type\" content=\"article\" \/>\n<meta property=\"og:title\" content=\"Mentions l\u00e9gales - chauffeur priv\u00e9 paris\" \/>\n<meta property=\"og:description\" content=\"Mentions L\u00e9gales 1. Pr\u00e9sentation du site : Le pr\u00e9sent site internet, accessible \u00e0 l\u2019adresse bdriv.fr, est la propri\u00e9t\u00e9 de Bdriv, une soci\u00e9t\u00e9 sp\u00e9cialis\u00e9e dans les services de transport avec chauffeur. 2. \u00c9diteur du site : Raison sociale : Bdriv SIRET : 92107841600010 Adresse : ETG2, APP. 21, 1 RUE PAU CASALS, 92100 BOULOGNE-BILLANCOURT Responsable de [&hellip;]\" \/>\n<meta property=\"og:url\" content=\"https:\/\/bdriv.fr\/en\/mentions-legales\/\" \/>\n<meta property=\"og:site_name\" content=\"chauffeur priv\u00e9 paris\" \/>\n<meta property=\"article:modified_time\" content=\"2024-11-14T22:33:54+00:00\" \/>\n<meta name=\"twitter:card\" content=\"summary_large_image\" \/>\n<meta name=\"twitter:label1\" content=\"Est. reading time\" \/>\n\t<meta name=\"twitter:data1\" content=\"2 minutes\" \/>\n<script type=\"application\/ld+json\" class=\"yoast-schema-graph\">{\"@context\":\"https:\\\/\\\/schema.org\",\"@graph\":[{\"@type\":\"WebPage\",\"@id\":\"https:\\\/\\\/bdriv.fr\\\/mentions-legales\\\/\",\"url\":\"https:\\\/\\\/bdriv.fr\\\/mentions-legales\\\/\",\"name\":\"Mentions l\u00e9gales - chauffeur priv\u00e9 paris\",\"isPartOf\":{\"@id\":\"https:\\\/\\\/bdriv.fr\\\/#website\"},\"datePublished\":\"2024-11-14T18:06:53+00:00\",\"dateModified\":\"2024-11-14T22:33:54+00:00\",\"breadcrumb\":{\"@id\":\"https:\\\/\\\/bdriv.fr\\\/mentions-legales\\\/#breadcrumb\"},\"inLanguage\":\"en-US\",\"potentialAction\":[{\"@type\":\"ReadAction\",\"target\":[\"https:\\\/\\\/bdriv.fr\\\/mentions-legales\\\/\"]}]},{\"@type\":\"BreadcrumbList\",\"@id\":\"https:\\\/\\\/bdriv.fr\\\/mentions-legales\\\/#breadcrumb\",\"itemListElement\":[{\"@type\":\"ListItem\",\"position\":1,\"name\":\"Accueil\",\"item\":\"https:\\\/\\\/bdriv.fr\\\/\"},{\"@type\":\"ListItem\",\"position\":2,\"name\":\"Mentions l\u00e9gales\"}]},{\"@type\":\"WebSite\",\"@id\":\"https:\\\/\\\/bdriv.fr\\\/#website\",\"url\":\"https:\\\/\\\/bdriv.fr\\\/\",\"name\":\"paris transfers\",\"description\":\"Paris Transfers\",\"publisher\":{\"@id\":\"https:\\\/\\\/bdriv.fr\\\/#organization\"},\"potentialAction\":[{\"@type\":\"SearchAction\",\"target\":{\"@type\":\"EntryPoint\",\"urlTemplate\":\"https:\\\/\\\/bdriv.fr\\\/?s={search_term_string}\"},\"query-input\":{\"@type\":\"PropertyValueSpecification\",\"valueRequired\":true,\"valueName\":\"search_term_string\"}}],\"inLanguage\":\"en-US\"},{\"@type\":\"Organization\",\"@id\":\"https:\\\/\\\/bdriv.fr\\\/#organization\",\"name\":\"paris transfers\",\"url\":\"https:\\\/\\\/bdriv.fr\\\/\",\"logo\":{\"@type\":\"ImageObject\",\"inLanguage\":\"en-US\",\"@id\":\"https:\\\/\\\/bdriv.fr\\\/#\\\/schema\\\/logo\\\/image\\\/\",\"url\":\"https:\\\/\\\/bdriv.fr\\\/wp-content\\\/uploads\\\/2024\\\/10\\\/cropped-Logo-chauffeur-prive-NV-e1728679535608.png\",\"contentUrl\":\"https:\\\/\\\/bdriv.fr\\\/wp-content\\\/uploads\\\/2024\\\/10\\\/cropped-Logo-chauffeur-prive-NV-e1728679535608.png\",\"width\":44,\"height\":42,\"caption\":\"paris transfers\"},\"image\":{\"@id\":\"https:\\\/\\\/bdriv.fr\\\/#\\\/schema\\\/logo\\\/image\\\/\"}}]}<\/script>\n<!-- \/ Yoast SEO plugin. -->","yoast_head_json":{"title":"Mentions l\u00e9gales - chauffeur priv\u00e9 paris","robots":{"index":"noindex","follow":"follow"},"og_locale":"en_US","og_type":"article","og_title":"Mentions l\u00e9gales - chauffeur priv\u00e9 paris","og_description":"Mentions L\u00e9gales 1. Pr\u00e9sentation du site : Le pr\u00e9sent site internet, accessible \u00e0 l\u2019adresse bdriv.fr, est la propri\u00e9t\u00e9 de Bdriv, une soci\u00e9t\u00e9 sp\u00e9cialis\u00e9e dans les services de transport avec chauffeur. 2. \u00c9diteur du site : Raison sociale : Bdriv SIRET : 92107841600010 Adresse : ETG2, APP. 21, 1 RUE PAU CASALS, 92100 BOULOGNE-BILLANCOURT Responsable de [&hellip;]","og_url":"https:\/\/bdriv.fr\/en\/mentions-legales\/","og_site_name":"chauffeur priv\u00e9 paris","article_modified_time":"2024-11-14T22:33:54+00:00","twitter_card":"summary_large_image","twitter_misc":{"Est. reading time":"2 minutes"},"schema":{"@context":"https:\/\/schema.org","@graph":[{"@type":"WebPage","@id":"https:\/\/bdriv.fr\/mentions-legales\/","url":"https:\/\/bdriv.fr\/mentions-legales\/","name":"Mentions l\u00e9gales - chauffeur priv\u00e9 paris","isPartOf":{"@id":"https:\/\/bdriv.fr\/#website"},"datePublished":"2024-11-14T18:06:53+00:00","dateModified":"2024-11-14T22:33:54+00:00","breadcrumb":{"@id":"https:\/\/bdriv.fr\/mentions-legales\/#breadcrumb"},"inLanguage":"en-US","potentialAction":[{"@type":"ReadAction","target":["https:\/\/bdriv.fr\/mentions-legales\/"]}]},{"@type":"BreadcrumbList","@id":"https:\/\/bdriv.fr\/mentions-legales\/#breadcrumb","itemListElement":[{"@type":"ListItem","position":1,"name":"Accueil","item":"https:\/\/bdriv.fr\/"},{"@type":"ListItem","position":2,"name":"Mentions l\u00e9gales"}]},{"@type":"WebSite","@id":"https:\/\/bdriv.fr\/#website","url":"https:\/\/bdriv.fr\/","name":"paris transfers","description":"Paris Transfers","publisher":{"@id":"https:\/\/bdriv.fr\/#organization"},"potentialAction":[{"@type":"SearchAction","target":{"@type":"EntryPoint","urlTemplate":"https:\/\/bdriv.fr\/?s={search_term_string}"},"query-input":{"@type":"PropertyValueSpecification","valueRequired":true,"valueName":"search_term_string"}}],"inLanguage":"en-US"},{"@type":"Organization","@id":"https:\/\/bdriv.fr\/#organization","name":"paris transfers","url":"https:\/\/bdriv.fr\/","logo":{"@type":"ImageObject","inLanguage":"en-US","@id":"https:\/\/bdriv.fr\/#\/schema\/logo\/image\/","url":"https:\/\/bdriv.fr\/wp-content\/uploads\/2024\/10\/cropped-Logo-chauffeur-prive-NV-e1728679535608.png","contentUrl":"https:\/\/bdriv.fr\/wp-content\/uploads\/2024\/10\/cropped-Logo-chauffeur-prive-NV-e1728679535608.png","width":44,"height":42,"caption":"paris transfers"},"image":{"@id":"https:\/\/bdriv.fr\/#\/schema\/logo\/image\/"}}]}},"_links":{"self":[{"href":"https:\/\/bdriv.fr\/en\/wp-json\/wp\/v2\/pages\/2081","targetHints":{"allow":["GET"]}}],"collection":[{"href":"https:\/\/bdriv.fr\/en\/wp-json\/wp\/v2\/pages"}],"about":[{"href":"https:\/\/bdriv.fr\/en\/wp-json\/wp\/v2\/types\/page"}],"author":[{"embeddable":true,"href":"https:\/\/bdriv.fr\/en\/wp-json\/wp\/v2\/users\/1"}],"replies":[{"embeddable":true,"href":"https:\/\/bdriv.fr\/en\/wp-json\/wp\/v2\/comments?post=2081"}],"version-history":[{"count":10,"href":"https:\/\/bdriv.fr\/en\/wp-json\/wp\/v2\/pages\/2081\/revisions"}],"predecessor-version":[{"id":2179,"href":"https:\/\/bdriv.fr\/en\/wp-json\/wp\/v2\/pages\/2081\/revisions\/2179"}],"wp:attachment":[{"href":"https:\/\/bdriv.fr\/en\/wp-json\/wp\/v2\/media?parent=2081"}],"curies":[{"name":"wp","href":"https:\/\/api.w.org\/{rel}","templated":true}]}}