{"id":2092,"date":"2024-11-14T19:19:16","date_gmt":"2024-11-14T18:19:16","guid":{"rendered":"https:\/\/bdriv.fr\/?page_id=2092"},"modified":"2024-11-14T20:03:30","modified_gmt":"2024-11-14T19:03:30","slug":"politiques-de-cookies","status":"publish","type":"page","link":"https:\/\/bdriv.fr\/en\/politiques-de-cookies\/","title":{"rendered":"Cookie Policy"},"content":{"rendered":"<div data-elementor-type=\"wp-page\" data-elementor-id=\"2092\" class=\"elementor elementor-2092\" data-elementor-post-type=\"page\">\n\t\t\t\t<div class=\"elementor-element elementor-element-bdf3382 e-flex e-con-boxed e-con e-parent\" data-id=\"bdf3382\" data-element_type=\"container\" data-e-type=\"container\" data-settings=\"{&quot;background_background&quot;:&quot;classic&quot;}\">\n\t\t\t\t\t<div class=\"e-con-inner\">\n\t\t\t\t<div class=\"elementor-element elementor-element-84fb3ef elementor-widget elementor-widget-heading\" data-id=\"84fb3ef\" data-element_type=\"widget\" data-e-type=\"widget\" data-widget_type=\"heading.default\">\n\t\t\t\t<div class=\"elementor-widget-container\">\n\t\t\t\t\t<h2 class=\"elementor-heading-title elementor-size-default\">Cookie Policy<\/h2>\t\t\t\t<\/div>\n\t\t\t\t<\/div>\n\t\t\t\t\t<\/div>\n\t\t\t\t<\/div>\n\t\t<div class=\"elementor-element elementor-element-877a436 e-flex e-con-boxed e-con e-parent\" data-id=\"877a436\" data-element_type=\"container\" data-e-type=\"container\">\n\t\t\t\t\t<div class=\"e-con-inner\">\n\t\t\t\t\t<\/div>\n\t\t\t\t<\/div>\n\t\t<div class=\"elementor-element elementor-element-483239f e-flex e-con-boxed e-con e-parent\" data-id=\"483239f\" data-element_type=\"container\" data-e-type=\"container\">\n\t\t\t\t\t<div class=\"e-con-inner\">\n\t\t\t\t<div class=\"elementor-element elementor-element-0235dda elementor-widget elementor-widget-text-editor\" data-id=\"0235dda\" data-element_type=\"widget\" data-e-type=\"widget\" data-widget_type=\"text-editor.default\">\n\t\t\t\t<div class=\"elementor-widget-container\">\n\t\t\t\t\t\t\t\t\t<p><strong>Date de derni\u00e8re mise \u00e0 jour :14\/11\/2024<\/strong><\/p><p><strong>Introduction<\/strong><\/p><p>This Cookies Policy explains how the website <a href=\"https:\/\/bdriv.fr\/en\/\" target=\"_new\" rel=\"noopener\">bdriv.fr<\/a> uses cookies and other similar technologies to collect and store information when you visit our website. By continuing to browse our site, you consent to the use of cookies in accordance with the conditions outlined below.<\/p><p><strong>What is a cookie?<\/strong><\/p><p>A cookie is a small text file placed on your device (computer, tablet, smartphone) when you visit our site. Cookies help collect and store information about your browsing, enhancing your user experience and helping us improve our site.<\/p><p><strong>Types of Cookies Used<\/strong><\/p><p>We use several types of cookies on bdriv.fr:<\/p><ol><li><p><strong>Strictly Necessary Cookies<\/strong><br \/>These cookies are essential for the proper functioning of the site. Without them, certain parts of the site would not work correctly.<\/p><\/li><li><p><strong>Performance and Analysis Cookies<\/strong><br \/>These cookies collect information about how you use our site, such as the most visited pages. They help us improve the performance and usability of our site.<\/p><\/li><li><p><strong>Functionality Cookies<\/strong><br \/>These cookies allow us to customize your experience by remembering your preferences (such as language or region) and improving site functionality.<\/p><\/li><li><p><strong>Cookies publicitaires<\/strong> (si applicable)<br \/>Ces cookies sont utilis\u00e9s pour vous montrer des publicit\u00e9s adapt\u00e9es \u00e0 vos centres d&rsquo;int\u00e9r\u00eat.<\/p><\/li><\/ol><p><strong>Gestion des Cookies<\/strong><\/p><p>Vous pouvez accepter, refuser ou personnaliser l\u2019utilisation des cookies lorsque vous visitez notre site pour la premi\u00e8re fois via la banni\u00e8re de consentement qui s\u2019affiche. Vous avez \u00e9galement la possibilit\u00e9 de g\u00e9rer les cookies directement depuis votre navigateur.<\/p><p>Voici comment proc\u00e9der pour certains navigateurs courants :<\/p><ul><li><strong>Google Chrome<\/strong> : Param\u00e8tres &gt; Confidentialit\u00e9 et s\u00e9curit\u00e9 &gt; Cookies et autres donn\u00e9es de site<\/li><li><strong>Mozilla Firefox<\/strong> : Options &gt; Vie priv\u00e9e et s\u00e9curit\u00e9 &gt; Cookies et donn\u00e9es de sites<\/li><li><strong>Safari<\/strong> : Pr\u00e9f\u00e9rences &gt; Confidentialit\u00e9 &gt; Cookies et autres donn\u00e9es de site<\/li><\/ul><p><strong>Dur\u00e9e de Conservation des Cookies<\/strong><\/p><p>Les cookies utilis\u00e9s sur notre site sont conserv\u00e9s pour une dur\u00e9e maximale de 13 mois, conform\u00e9ment aux recommandations de la CNIL, puis automatiquement supprim\u00e9s.<\/p><p><strong>Mise \u00e0 jour de notre Politique de Cookies<\/strong><\/p><p>Nous nous r\u00e9servons le droit de mettre \u00e0 jour cette Politique de Cookies \u00e0 tout moment, pour se conformer aux \u00e9volutions l\u00e9gales ou pour refl\u00e9ter les changements de nos pratiques de collecte de donn\u00e9es. La date de la derni\u00e8re mise \u00e0 jour est indiqu\u00e9e en haut de cette page.<\/p><p><strong>Contact<\/strong><\/p><p>Pour toute question ou demande concernant notre utilisation des cookies, veuillez nous contacter \u00e0 l\u2019adresse suivante : <a rel=\"noopener\">contact@bdriv.fr<\/a>.<\/p>\t\t\t\t\t\t\t\t<\/div>\n\t\t\t\t<\/div>\n\t\t\t\t\t<\/div>\n\t\t\t\t<\/div>\n\t\t\t\t<\/div>","protected":false},"excerpt":{"rendered":"<p>Poltiques de Cookies Date de derni\u00e8re mise \u00e0 jour :14\/11\/2024 Introduction La pr\u00e9sente Politique de Cookies explique comment le site bdriv.fr utilise des cookies et autres technologies similaires pour collecter et stocker des informations lorsque vous visitez notre site internet. En poursuivant votre navigation sur notre site, vous acceptez l&rsquo;utilisation de cookies dans les conditions [&hellip;]<\/p>\n","protected":false},"author":1,"featured_media":0,"parent":0,"menu_order":0,"comment_status":"closed","ping_status":"closed","template":"","meta":{"_eb_attr":"","ocean_post_layout":"","ocean_both_sidebars_style":"","ocean_both_sidebars_content_width":0,"ocean_both_sidebars_sidebars_width":0,"ocean_sidebar":"","ocean_second_sidebar":"","ocean_disable_margins":"enable","ocean_add_body_class":"","ocean_shortcode_before_top_bar":"","ocean_shortcode_after_top_bar":"","ocean_shortcode_before_header":"","ocean_shortcode_after_header":"","ocean_has_shortcode":"","ocean_shortcode_after_title":"","ocean_shortcode_before_footer_widgets":"","ocean_shortcode_after_footer_widgets":"","ocean_shortcode_before_footer_bottom":"","ocean_shortcode_after_footer_bottom":"","ocean_display_top_bar":"default","ocean_display_header":"default","ocean_header_style":"","ocean_center_header_left_menu":"","ocean_custom_header_template":"","ocean_custom_logo":0,"ocean_custom_retina_logo":0,"ocean_custom_logo_max_width":0,"ocean_custom_logo_tablet_max_width":0,"ocean_custom_logo_mobile_max_width":0,"ocean_custom_logo_max_height":0,"ocean_custom_logo_tablet_max_height":0,"ocean_custom_logo_mobile_max_height":0,"ocean_header_custom_menu":"","ocean_menu_typo_font_family":"","ocean_menu_typo_font_subset":"","ocean_menu_typo_font_size":0,"ocean_menu_typo_font_size_tablet":0,"ocean_menu_typo_font_size_mobile":0,"ocean_menu_typo_font_size_unit":"px","ocean_menu_typo_font_weight":"","ocean_menu_typo_font_weight_tablet":"","ocean_menu_typo_font_weight_mobile":"","ocean_menu_typo_transform":"","ocean_menu_typo_transform_tablet":"","ocean_menu_typo_transform_mobile":"","ocean_menu_typo_line_height":0,"ocean_menu_typo_line_height_tablet":0,"ocean_menu_typo_line_height_mobile":0,"ocean_menu_typo_line_height_unit":"","ocean_menu_typo_spacing":0,"ocean_menu_typo_spacing_tablet":0,"ocean_menu_typo_spacing_mobile":0,"ocean_menu_typo_spacing_unit":"","ocean_menu_link_color":"","ocean_menu_link_color_hover":"","ocean_menu_link_color_active":"","ocean_menu_link_background":"","ocean_menu_link_hover_background":"","ocean_menu_link_active_background":"","ocean_menu_social_links_bg":"","ocean_menu_social_hover_links_bg":"","ocean_menu_social_links_color":"","ocean_menu_social_hover_links_color":"","ocean_disable_title":"default","ocean_disable_heading":"default","ocean_post_title":"","ocean_post_subheading":"","ocean_post_title_style":"","ocean_post_title_background_color":"","ocean_post_title_background":0,"ocean_post_title_bg_image_position":"","ocean_post_title_bg_image_attachment":"","ocean_post_title_bg_image_repeat":"","ocean_post_title_bg_image_size":"","ocean_post_title_height":0,"ocean_post_title_bg_overlay":0.5,"ocean_post_title_bg_overlay_color":"","ocean_disable_breadcrumbs":"default","ocean_breadcrumbs_color":"","ocean_breadcrumbs_separator_color":"","ocean_breadcrumbs_links_color":"","ocean_breadcrumbs_links_hover_color":"","ocean_display_footer_widgets":"default","ocean_display_footer_bottom":"default","ocean_custom_footer_template":"","footnotes":""},"class_list":["post-2092","page","type-page","status-publish","hentry","entry"],"yoast_head":"<!-- This site is optimized with the Yoast SEO plugin v27.5 - https:\/\/yoast.com\/product\/yoast-seo-wordpress\/ -->\n<title>Politiques de Cookies - chauffeur priv\u00e9 paris<\/title>\n<meta name=\"robots\" content=\"noindex, follow\" \/>\n<meta property=\"og:locale\" content=\"en_US\" \/>\n<meta property=\"og:type\" content=\"article\" \/>\n<meta property=\"og:title\" content=\"Politiques de Cookies - chauffeur priv\u00e9 paris\" \/>\n<meta property=\"og:description\" content=\"Poltiques de Cookies Date de derni\u00e8re mise \u00e0 jour :14\/11\/2024 Introduction La pr\u00e9sente Politique de Cookies explique comment le site bdriv.fr utilise des cookies et autres technologies similaires pour collecter et stocker des informations lorsque vous visitez notre site internet. En poursuivant votre navigation sur notre site, vous acceptez l&rsquo;utilisation de cookies dans les conditions [&hellip;]\" \/>\n<meta property=\"og:url\" content=\"https:\/\/bdriv.fr\/en\/politiques-de-cookies\/\" \/>\n<meta property=\"og:site_name\" content=\"chauffeur priv\u00e9 paris\" \/>\n<meta property=\"article:modified_time\" content=\"2024-11-14T19:03:30+00:00\" \/>\n<meta name=\"twitter:card\" content=\"summary_large_image\" \/>\n<meta name=\"twitter:label1\" content=\"Est. reading time\" \/>\n\t<meta name=\"twitter:data1\" content=\"3 minutes\" \/>\n<script type=\"application\/ld+json\" class=\"yoast-schema-graph\">{\"@context\":\"https:\\\/\\\/schema.org\",\"@graph\":[{\"@type\":\"WebPage\",\"@id\":\"https:\\\/\\\/bdriv.fr\\\/politiques-de-cookies\\\/\",\"url\":\"https:\\\/\\\/bdriv.fr\\\/politiques-de-cookies\\\/\",\"name\":\"Politiques de Cookies - chauffeur priv\u00e9 paris\",\"isPartOf\":{\"@id\":\"https:\\\/\\\/bdriv.fr\\\/#website\"},\"datePublished\":\"2024-11-14T18:19:16+00:00\",\"dateModified\":\"2024-11-14T19:03:30+00:00\",\"breadcrumb\":{\"@id\":\"https:\\\/\\\/bdriv.fr\\\/politiques-de-cookies\\\/#breadcrumb\"},\"inLanguage\":\"en-US\",\"potentialAction\":[{\"@type\":\"ReadAction\",\"target\":[\"https:\\\/\\\/bdriv.fr\\\/politiques-de-cookies\\\/\"]}]},{\"@type\":\"BreadcrumbList\",\"@id\":\"https:\\\/\\\/bdriv.fr\\\/politiques-de-cookies\\\/#breadcrumb\",\"itemListElement\":[{\"@type\":\"ListItem\",\"position\":1,\"name\":\"Accueil\",\"item\":\"https:\\\/\\\/bdriv.fr\\\/\"},{\"@type\":\"ListItem\",\"position\":2,\"name\":\"Politiques de Cookies\"}]},{\"@type\":\"WebSite\",\"@id\":\"https:\\\/\\\/bdriv.fr\\\/#website\",\"url\":\"https:\\\/\\\/bdriv.fr\\\/\",\"name\":\"paris transfers\",\"description\":\"Paris Transfers\",\"publisher\":{\"@id\":\"https:\\\/\\\/bdriv.fr\\\/#organization\"},\"potentialAction\":[{\"@type\":\"SearchAction\",\"target\":{\"@type\":\"EntryPoint\",\"urlTemplate\":\"https:\\\/\\\/bdriv.fr\\\/?s={search_term_string}\"},\"query-input\":{\"@type\":\"PropertyValueSpecification\",\"valueRequired\":true,\"valueName\":\"search_term_string\"}}],\"inLanguage\":\"en-US\"},{\"@type\":\"Organization\",\"@id\":\"https:\\\/\\\/bdriv.fr\\\/#organization\",\"name\":\"paris transfers\",\"url\":\"https:\\\/\\\/bdriv.fr\\\/\",\"logo\":{\"@type\":\"ImageObject\",\"inLanguage\":\"en-US\",\"@id\":\"https:\\\/\\\/bdriv.fr\\\/#\\\/schema\\\/logo\\\/image\\\/\",\"url\":\"https:\\\/\\\/bdriv.fr\\\/wp-content\\\/uploads\\\/2024\\\/10\\\/cropped-Logo-chauffeur-prive-NV-e1728679535608.png\",\"contentUrl\":\"https:\\\/\\\/bdriv.fr\\\/wp-content\\\/uploads\\\/2024\\\/10\\\/cropped-Logo-chauffeur-prive-NV-e1728679535608.png\",\"width\":44,\"height\":42,\"caption\":\"paris transfers\"},\"image\":{\"@id\":\"https:\\\/\\\/bdriv.fr\\\/#\\\/schema\\\/logo\\\/image\\\/\"}}]}<\/script>\n<!-- \/ Yoast SEO plugin. -->","yoast_head_json":{"title":"Politiques de Cookies - chauffeur priv\u00e9 paris","robots":{"index":"noindex","follow":"follow"},"og_locale":"en_US","og_type":"article","og_title":"Politiques de Cookies - chauffeur priv\u00e9 paris","og_description":"Poltiques de Cookies Date de derni\u00e8re mise \u00e0 jour :14\/11\/2024 Introduction La pr\u00e9sente Politique de Cookies explique comment le site bdriv.fr utilise des cookies et autres technologies similaires pour collecter et stocker des informations lorsque vous visitez notre site internet. En poursuivant votre navigation sur notre site, vous acceptez l&rsquo;utilisation de cookies dans les conditions [&hellip;]","og_url":"https:\/\/bdriv.fr\/en\/politiques-de-cookies\/","og_site_name":"chauffeur priv\u00e9 paris","article_modified_time":"2024-11-14T19:03:30+00:00","twitter_card":"summary_large_image","twitter_misc":{"Est. reading time":"3 minutes"},"schema":{"@context":"https:\/\/schema.org","@graph":[{"@type":"WebPage","@id":"https:\/\/bdriv.fr\/politiques-de-cookies\/","url":"https:\/\/bdriv.fr\/politiques-de-cookies\/","name":"Politiques de Cookies - chauffeur priv\u00e9 paris","isPartOf":{"@id":"https:\/\/bdriv.fr\/#website"},"datePublished":"2024-11-14T18:19:16+00:00","dateModified":"2024-11-14T19:03:30+00:00","breadcrumb":{"@id":"https:\/\/bdriv.fr\/politiques-de-cookies\/#breadcrumb"},"inLanguage":"en-US","potentialAction":[{"@type":"ReadAction","target":["https:\/\/bdriv.fr\/politiques-de-cookies\/"]}]},{"@type":"BreadcrumbList","@id":"https:\/\/bdriv.fr\/politiques-de-cookies\/#breadcrumb","itemListElement":[{"@type":"ListItem","position":1,"name":"Accueil","item":"https:\/\/bdriv.fr\/"},{"@type":"ListItem","position":2,"name":"Politiques de Cookies"}]},{"@type":"WebSite","@id":"https:\/\/bdriv.fr\/#website","url":"https:\/\/bdriv.fr\/","name":"paris transfers","description":"Paris Transfers","publisher":{"@id":"https:\/\/bdriv.fr\/#organization"},"potentialAction":[{"@type":"SearchAction","target":{"@type":"EntryPoint","urlTemplate":"https:\/\/bdriv.fr\/?s={search_term_string}"},"query-input":{"@type":"PropertyValueSpecification","valueRequired":true,"valueName":"search_term_string"}}],"inLanguage":"en-US"},{"@type":"Organization","@id":"https:\/\/bdriv.fr\/#organization","name":"paris transfers","url":"https:\/\/bdriv.fr\/","logo":{"@type":"ImageObject","inLanguage":"en-US","@id":"https:\/\/bdriv.fr\/#\/schema\/logo\/image\/","url":"https:\/\/bdriv.fr\/wp-content\/uploads\/2024\/10\/cropped-Logo-chauffeur-prive-NV-e1728679535608.png","contentUrl":"https:\/\/bdriv.fr\/wp-content\/uploads\/2024\/10\/cropped-Logo-chauffeur-prive-NV-e1728679535608.png","width":44,"height":42,"caption":"paris transfers"},"image":{"@id":"https:\/\/bdriv.fr\/#\/schema\/logo\/image\/"}}]}},"_links":{"self":[{"href":"https:\/\/bdriv.fr\/en\/wp-json\/wp\/v2\/pages\/2092","targetHints":{"allow":["GET"]}}],"collection":[{"href":"https:\/\/bdriv.fr\/en\/wp-json\/wp\/v2\/pages"}],"about":[{"href":"https:\/\/bdriv.fr\/en\/wp-json\/wp\/v2\/types\/page"}],"author":[{"embeddable":true,"href":"https:\/\/bdriv.fr\/en\/wp-json\/wp\/v2\/users\/1"}],"replies":[{"embeddable":true,"href":"https:\/\/bdriv.fr\/en\/wp-json\/wp\/v2\/comments?post=2092"}],"version-history":[{"count":10,"href":"https:\/\/bdriv.fr\/en\/wp-json\/wp\/v2\/pages\/2092\/revisions"}],"predecessor-version":[{"id":2132,"href":"https:\/\/bdriv.fr\/en\/wp-json\/wp\/v2\/pages\/2092\/revisions\/2132"}],"wp:attachment":[{"href":"https:\/\/bdriv.fr\/en\/wp-json\/wp\/v2\/media?parent=2092"}],"curies":[{"name":"wp","href":"https:\/\/api.w.org\/{rel}","templated":true}]}}