{"id":2100,"date":"2024-11-14T19:22:38","date_gmt":"2024-11-14T18:22:38","guid":{"rendered":"https:\/\/bdriv.fr\/?page_id=2100"},"modified":"2024-11-14T20:06:45","modified_gmt":"2024-11-14T19:06:45","slug":"rgpd","status":"publish","type":"page","link":"https:\/\/bdriv.fr\/en\/rgpd\/","title":{"rendered":"RGPD"},"content":{"rendered":"<div data-elementor-type=\"wp-page\" data-elementor-id=\"2100\" class=\"elementor elementor-2100\" data-elementor-post-type=\"page\">\n\t\t\t\t<div class=\"elementor-element elementor-element-8c5c257 e-flex e-con-boxed e-con e-parent\" data-id=\"8c5c257\" data-element_type=\"container\" data-e-type=\"container\" data-settings=\"{&quot;background_background&quot;:&quot;classic&quot;}\">\n\t\t\t\t\t<div class=\"e-con-inner\">\n\t\t\t\t<div class=\"elementor-element elementor-element-0299f33 elementor-widget elementor-widget-heading\" data-id=\"0299f33\" data-element_type=\"widget\" data-e-type=\"widget\" data-widget_type=\"heading.default\">\n\t\t\t\t<div class=\"elementor-widget-container\">\n\t\t\t\t\t<h2 class=\"elementor-heading-title elementor-size-default\">Privacy Policy<\/h2>\t\t\t\t<\/div>\n\t\t\t\t<\/div>\n\t\t\t\t\t<\/div>\n\t\t\t\t<\/div>\n\t\t<div class=\"elementor-element elementor-element-00d015a e-flex e-con-boxed e-con e-parent\" data-id=\"00d015a\" data-element_type=\"container\" data-e-type=\"container\">\n\t\t\t\t\t<div class=\"e-con-inner\">\n\t\t\t\t\t<\/div>\n\t\t\t\t<\/div>\n\t\t<div class=\"elementor-element elementor-element-ba31d33 e-flex e-con-boxed e-con e-parent\" data-id=\"ba31d33\" data-element_type=\"container\" data-e-type=\"container\">\n\t\t\t\t\t<div class=\"e-con-inner\">\n\t\t\t\t<div class=\"elementor-element elementor-element-002a589 elementor-widget elementor-widget-text-editor\" data-id=\"002a589\" data-element_type=\"widget\" data-e-type=\"widget\" data-widget_type=\"text-editor.default\">\n\t\t\t\t<div class=\"elementor-widget-container\">\n\t\t\t\t\t\t\t\t\t<p><strong>Last updated:<\/strong> 14\/11\/2024<\/p><p><strong>Introduction<\/strong><\/p><p>This Privacy Policy informs you about the practices of Bdriv (accessible via the website <a href=\"https:\/\/bdriv.fr\/en\/\" target=\"_new\" rel=\"noopener\">bdriv.fr<\/a>) regarding the collection, use, and protection of your personal data, in accordance with the General Data Protection Regulation (GDPR).<\/p><p><strong>1. Identity of the Data Controller<\/strong><\/p><ul><li><strong>Company Name<\/strong> : BDRIV<\/li><li><strong>SIRET<\/strong> : 92107841600010<\/li><li><strong>Address<\/strong> : ETG2, APP. 21, 1 RUE PAU CASALS, 92100 BOULOGNE-BILLANCOURT<\/li><li><strong>Contact<\/strong> : <a rel=\"noopener\">contact@bdriv.fr<\/a><\/li><\/ul><p><strong>2. Data Collected<\/strong><\/p><p>We collect the following types of data when you use the website and our services:<\/p><ul><li><strong>Contact Information<\/strong> :name, email address, phone number.<\/li><li><strong>Navigation Data<\/strong> : cookies and information about how you use our site.<\/li><li><strong>Transaction Data<\/strong> : payment information for booking our services.<\/li><\/ul><p><strong>3. Purposes of Processing<\/strong><\/p><p>Your personal data is collected for:<\/p><ul><li>Provide and improve our VTC booking services.<\/li><li>Manage your reservation and customer relationship.<\/li><li>Analyze site usage to optimize your experience.<\/li><li>Comply with legal obligations related to invoicing.<\/li><\/ul><p><strong>4. Legal Basis for Processing<\/strong><\/p><p>The collection and processing of your personal data are based on the following legal bases:<\/p><ul><li><strong>Performance of a contract<\/strong> : for managing reservations and providing our services.<\/li><li><strong>Consent<\/strong> : for non-essential cookies.<\/li><li><strong>Legal obligation<\/strong> : to comply with legal and tax requirements.<\/li><\/ul><p><strong>5. Data Sharing<\/strong><\/p><p>Your personal data may be shared with:<\/p><ul><li><strong>Service Providers<\/strong> (service providers, such as hosting providers, payment processors) for the execution of services.<\/li><li><strong>Legal Authorities<\/strong> if required by law.<\/li><\/ul><p><strong>6. Data Retention Period<\/strong><\/p><p>We retain your personal data only for the duration necessary to fulfill the purposes defined above or to comply with legal obligations. For example, transaction data is retained for 5 years for tax purposes.<\/p><p><strong>7. User Rights<\/strong><\/p><p>In accordance with the GDPR, you have the following rights concerning your personal data:<\/p><ul><li><strong>Right of access<\/strong> : to obtain a copy of your data.<\/li><li><strong>Right to rectification<\/strong> : to correct inaccurate information.<\/li><li><strong>Right to deletion<\/strong> : to request the deletion of your data.<\/li><li><strong>Right to restriction<\/strong> : to limit the processing of your data.<\/li><li><strong>Right to object<\/strong> : to object to the processing of your data for legitimate reasons.<\/li><li><strong>Right to data portability<\/strong> : to receive your data in a structured, commonly used, and machine-readable format.<\/li><\/ul><p>To exercise your rights, you can contact us by email at <a rel=\"noopener\">contact@bdriv.fr<\/a>.<\/p><p><strong>8. Data Security<\/strong><\/p><p>We are committed to ensuring the security of your personal data by implementing appropriate technical and organizational protection measures in accordance with the requirements of the GDPR.<\/p><p><strong>9. Changes to the Privacy Policy<\/strong><\/p><p>This policy may be updated to reflect changes in our practices or legislative developments. The date of the most recent update is indicated at the top of this page.<\/p><p><strong>Contact<\/strong><\/p><p>For any questions about this Privacy Policy or to exercise your rights, you can contact us by email at <a rel=\"noopener\">contact@bdriv.fr<\/a>.<\/p>\t\t\t\t\t\t\t\t<\/div>\n\t\t\t\t<\/div>\n\t\t\t\t\t<\/div>\n\t\t\t\t<\/div>\n\t\t\t\t<\/div>","protected":false},"excerpt":{"rendered":"<p>Politique de confidentialit\u00e9 Derni\u00e8re mise \u00e0 jour : 14\/11\/2024 Introduction La pr\u00e9sente Politique de Confidentialit\u00e9 vous informe sur les pratiques de Bdriv (accessible via le site bdriv.fr) concernant la collecte, l\u2019utilisation et la protection de vos donn\u00e9es personnelles, conform\u00e9ment au R\u00e8glement G\u00e9n\u00e9ral sur la Protection des Donn\u00e9es (RGPD). 1. Identit\u00e9 du responsable du traitement Nom [&hellip;]<\/p>\n","protected":false},"author":1,"featured_media":0,"parent":0,"menu_order":0,"comment_status":"closed","ping_status":"closed","template":"","meta":{"_eb_attr":"","ocean_post_layout":"","ocean_both_sidebars_style":"","ocean_both_sidebars_content_width":0,"ocean_both_sidebars_sidebars_width":0,"ocean_sidebar":"","ocean_second_sidebar":"","ocean_disable_margins":"enable","ocean_add_body_class":"","ocean_shortcode_before_top_bar":"","ocean_shortcode_after_top_bar":"","ocean_shortcode_before_header":"","ocean_shortcode_after_header":"","ocean_has_shortcode":"","ocean_shortcode_after_title":"","ocean_shortcode_before_footer_widgets":"","ocean_shortcode_after_footer_widgets":"","ocean_shortcode_before_footer_bottom":"","ocean_shortcode_after_footer_bottom":"","ocean_display_top_bar":"default","ocean_display_header":"default","ocean_header_style":"","ocean_center_header_left_menu":"","ocean_custom_header_template":"","ocean_custom_logo":0,"ocean_custom_retina_logo":0,"ocean_custom_logo_max_width":0,"ocean_custom_logo_tablet_max_width":0,"ocean_custom_logo_mobile_max_width":0,"ocean_custom_logo_max_height":0,"ocean_custom_logo_tablet_max_height":0,"ocean_custom_logo_mobile_max_height":0,"ocean_header_custom_menu":"","ocean_menu_typo_font_family":"","ocean_menu_typo_font_subset":"","ocean_menu_typo_font_size":0,"ocean_menu_typo_font_size_tablet":0,"ocean_menu_typo_font_size_mobile":0,"ocean_menu_typo_font_size_unit":"px","ocean_menu_typo_font_weight":"","ocean_menu_typo_font_weight_tablet":"","ocean_menu_typo_font_weight_mobile":"","ocean_menu_typo_transform":"","ocean_menu_typo_transform_tablet":"","ocean_menu_typo_transform_mobile":"","ocean_menu_typo_line_height":0,"ocean_menu_typo_line_height_tablet":0,"ocean_menu_typo_line_height_mobile":0,"ocean_menu_typo_line_height_unit":"","ocean_menu_typo_spacing":0,"ocean_menu_typo_spacing_tablet":0,"ocean_menu_typo_spacing_mobile":0,"ocean_menu_typo_spacing_unit":"","ocean_menu_link_color":"","ocean_menu_link_color_hover":"","ocean_menu_link_color_active":"","ocean_menu_link_background":"","ocean_menu_link_hover_background":"","ocean_menu_link_active_background":"","ocean_menu_social_links_bg":"","ocean_menu_social_hover_links_bg":"","ocean_menu_social_links_color":"","ocean_menu_social_hover_links_color":"","ocean_disable_title":"default","ocean_disable_heading":"default","ocean_post_title":"","ocean_post_subheading":"","ocean_post_title_style":"","ocean_post_title_background_color":"","ocean_post_title_background":0,"ocean_post_title_bg_image_position":"","ocean_post_title_bg_image_attachment":"","ocean_post_title_bg_image_repeat":"","ocean_post_title_bg_image_size":"","ocean_post_title_height":0,"ocean_post_title_bg_overlay":0.5,"ocean_post_title_bg_overlay_color":"","ocean_disable_breadcrumbs":"default","ocean_breadcrumbs_color":"","ocean_breadcrumbs_separator_color":"","ocean_breadcrumbs_links_color":"","ocean_breadcrumbs_links_hover_color":"","ocean_display_footer_widgets":"default","ocean_display_footer_bottom":"default","ocean_custom_footer_template":"","footnotes":""},"class_list":["post-2100","page","type-page","status-publish","hentry","entry"],"yoast_head":"<!-- This site is optimized with the Yoast SEO plugin v27.5 - https:\/\/yoast.com\/product\/yoast-seo-wordpress\/ -->\n<title>RGPD - chauffeur priv\u00e9 paris<\/title>\n<meta name=\"robots\" content=\"noindex, follow\" \/>\n<meta property=\"og:locale\" content=\"en_US\" \/>\n<meta property=\"og:type\" content=\"article\" \/>\n<meta property=\"og:title\" content=\"RGPD - chauffeur priv\u00e9 paris\" \/>\n<meta property=\"og:description\" content=\"Politique de confidentialit\u00e9 Derni\u00e8re mise \u00e0 jour : 14\/11\/2024 Introduction La pr\u00e9sente Politique de Confidentialit\u00e9 vous informe sur les pratiques de Bdriv (accessible via le site bdriv.fr) concernant la collecte, l\u2019utilisation et la protection de vos donn\u00e9es personnelles, conform\u00e9ment au R\u00e8glement G\u00e9n\u00e9ral sur la Protection des Donn\u00e9es (RGPD). 1. Identit\u00e9 du responsable du traitement Nom [&hellip;]\" \/>\n<meta property=\"og:url\" content=\"https:\/\/bdriv.fr\/en\/rgpd\/\" \/>\n<meta property=\"og:site_name\" content=\"chauffeur priv\u00e9 paris\" \/>\n<meta property=\"article:modified_time\" content=\"2024-11-14T19:06:45+00:00\" \/>\n<meta name=\"twitter:card\" content=\"summary_large_image\" \/>\n<meta name=\"twitter:label1\" content=\"Est. reading time\" \/>\n\t<meta name=\"twitter:data1\" content=\"3 minutes\" \/>\n<script type=\"application\/ld+json\" class=\"yoast-schema-graph\">{\"@context\":\"https:\\\/\\\/schema.org\",\"@graph\":[{\"@type\":\"WebPage\",\"@id\":\"https:\\\/\\\/bdriv.fr\\\/rgpd\\\/\",\"url\":\"https:\\\/\\\/bdriv.fr\\\/rgpd\\\/\",\"name\":\"RGPD - chauffeur priv\u00e9 paris\",\"isPartOf\":{\"@id\":\"https:\\\/\\\/bdriv.fr\\\/#website\"},\"datePublished\":\"2024-11-14T18:22:38+00:00\",\"dateModified\":\"2024-11-14T19:06:45+00:00\",\"breadcrumb\":{\"@id\":\"https:\\\/\\\/bdriv.fr\\\/rgpd\\\/#breadcrumb\"},\"inLanguage\":\"en-US\",\"potentialAction\":[{\"@type\":\"ReadAction\",\"target\":[\"https:\\\/\\\/bdriv.fr\\\/rgpd\\\/\"]}]},{\"@type\":\"BreadcrumbList\",\"@id\":\"https:\\\/\\\/bdriv.fr\\\/rgpd\\\/#breadcrumb\",\"itemListElement\":[{\"@type\":\"ListItem\",\"position\":1,\"name\":\"Accueil\",\"item\":\"https:\\\/\\\/bdriv.fr\\\/\"},{\"@type\":\"ListItem\",\"position\":2,\"name\":\"RGPD\"}]},{\"@type\":\"WebSite\",\"@id\":\"https:\\\/\\\/bdriv.fr\\\/#website\",\"url\":\"https:\\\/\\\/bdriv.fr\\\/\",\"name\":\"paris transfers\",\"description\":\"Paris Transfers\",\"publisher\":{\"@id\":\"https:\\\/\\\/bdriv.fr\\\/#organization\"},\"potentialAction\":[{\"@type\":\"SearchAction\",\"target\":{\"@type\":\"EntryPoint\",\"urlTemplate\":\"https:\\\/\\\/bdriv.fr\\\/?s={search_term_string}\"},\"query-input\":{\"@type\":\"PropertyValueSpecification\",\"valueRequired\":true,\"valueName\":\"search_term_string\"}}],\"inLanguage\":\"en-US\"},{\"@type\":\"Organization\",\"@id\":\"https:\\\/\\\/bdriv.fr\\\/#organization\",\"name\":\"paris transfers\",\"url\":\"https:\\\/\\\/bdriv.fr\\\/\",\"logo\":{\"@type\":\"ImageObject\",\"inLanguage\":\"en-US\",\"@id\":\"https:\\\/\\\/bdriv.fr\\\/#\\\/schema\\\/logo\\\/image\\\/\",\"url\":\"https:\\\/\\\/bdriv.fr\\\/wp-content\\\/uploads\\\/2024\\\/10\\\/cropped-Logo-chauffeur-prive-NV-e1728679535608.png\",\"contentUrl\":\"https:\\\/\\\/bdriv.fr\\\/wp-content\\\/uploads\\\/2024\\\/10\\\/cropped-Logo-chauffeur-prive-NV-e1728679535608.png\",\"width\":44,\"height\":42,\"caption\":\"paris transfers\"},\"image\":{\"@id\":\"https:\\\/\\\/bdriv.fr\\\/#\\\/schema\\\/logo\\\/image\\\/\"}}]}<\/script>\n<!-- \/ Yoast SEO plugin. -->","yoast_head_json":{"title":"RGPD - chauffeur priv\u00e9 paris","robots":{"index":"noindex","follow":"follow"},"og_locale":"en_US","og_type":"article","og_title":"RGPD - chauffeur priv\u00e9 paris","og_description":"Politique de confidentialit\u00e9 Derni\u00e8re mise \u00e0 jour : 14\/11\/2024 Introduction La pr\u00e9sente Politique de Confidentialit\u00e9 vous informe sur les pratiques de Bdriv (accessible via le site bdriv.fr) concernant la collecte, l\u2019utilisation et la protection de vos donn\u00e9es personnelles, conform\u00e9ment au R\u00e8glement G\u00e9n\u00e9ral sur la Protection des Donn\u00e9es (RGPD). 1. Identit\u00e9 du responsable du traitement Nom [&hellip;]","og_url":"https:\/\/bdriv.fr\/en\/rgpd\/","og_site_name":"chauffeur priv\u00e9 paris","article_modified_time":"2024-11-14T19:06:45+00:00","twitter_card":"summary_large_image","twitter_misc":{"Est. reading time":"3 minutes"},"schema":{"@context":"https:\/\/schema.org","@graph":[{"@type":"WebPage","@id":"https:\/\/bdriv.fr\/rgpd\/","url":"https:\/\/bdriv.fr\/rgpd\/","name":"RGPD - chauffeur priv\u00e9 paris","isPartOf":{"@id":"https:\/\/bdriv.fr\/#website"},"datePublished":"2024-11-14T18:22:38+00:00","dateModified":"2024-11-14T19:06:45+00:00","breadcrumb":{"@id":"https:\/\/bdriv.fr\/rgpd\/#breadcrumb"},"inLanguage":"en-US","potentialAction":[{"@type":"ReadAction","target":["https:\/\/bdriv.fr\/rgpd\/"]}]},{"@type":"BreadcrumbList","@id":"https:\/\/bdriv.fr\/rgpd\/#breadcrumb","itemListElement":[{"@type":"ListItem","position":1,"name":"Accueil","item":"https:\/\/bdriv.fr\/"},{"@type":"ListItem","position":2,"name":"RGPD"}]},{"@type":"WebSite","@id":"https:\/\/bdriv.fr\/#website","url":"https:\/\/bdriv.fr\/","name":"paris transfers","description":"Paris Transfers","publisher":{"@id":"https:\/\/bdriv.fr\/#organization"},"potentialAction":[{"@type":"SearchAction","target":{"@type":"EntryPoint","urlTemplate":"https:\/\/bdriv.fr\/?s={search_term_string}"},"query-input":{"@type":"PropertyValueSpecification","valueRequired":true,"valueName":"search_term_string"}}],"inLanguage":"en-US"},{"@type":"Organization","@id":"https:\/\/bdriv.fr\/#organization","name":"paris transfers","url":"https:\/\/bdriv.fr\/","logo":{"@type":"ImageObject","inLanguage":"en-US","@id":"https:\/\/bdriv.fr\/#\/schema\/logo\/image\/","url":"https:\/\/bdriv.fr\/wp-content\/uploads\/2024\/10\/cropped-Logo-chauffeur-prive-NV-e1728679535608.png","contentUrl":"https:\/\/bdriv.fr\/wp-content\/uploads\/2024\/10\/cropped-Logo-chauffeur-prive-NV-e1728679535608.png","width":44,"height":42,"caption":"paris transfers"},"image":{"@id":"https:\/\/bdriv.fr\/#\/schema\/logo\/image\/"}}]}},"_links":{"self":[{"href":"https:\/\/bdriv.fr\/en\/wp-json\/wp\/v2\/pages\/2100","targetHints":{"allow":["GET"]}}],"collection":[{"href":"https:\/\/bdriv.fr\/en\/wp-json\/wp\/v2\/pages"}],"about":[{"href":"https:\/\/bdriv.fr\/en\/wp-json\/wp\/v2\/types\/page"}],"author":[{"embeddable":true,"href":"https:\/\/bdriv.fr\/en\/wp-json\/wp\/v2\/users\/1"}],"replies":[{"embeddable":true,"href":"https:\/\/bdriv.fr\/en\/wp-json\/wp\/v2\/comments?post=2100"}],"version-history":[{"count":7,"href":"https:\/\/bdriv.fr\/en\/wp-json\/wp\/v2\/pages\/2100\/revisions"}],"predecessor-version":[{"id":2138,"href":"https:\/\/bdriv.fr\/en\/wp-json\/wp\/v2\/pages\/2100\/revisions\/2138"}],"wp:attachment":[{"href":"https:\/\/bdriv.fr\/en\/wp-json\/wp\/v2\/media?parent=2100"}],"curies":[{"name":"wp","href":"https:\/\/api.w.org\/{rel}","templated":true}]}}